{"id":2859843,"date":"2025-10-18T01:50:54","date_gmt":"2025-10-17T23:50:54","guid":{"rendered":"https:\/\/streetmarkets.fr\/app\/produit\/pins-bretzel\/"},"modified":"2026-05-07T01:49:35","modified_gmt":"2026-05-06T23:49:35","slug":"pins-bretzel","status":"publish","type":"product","link":"https:\/\/streetmarkets.fr\/app\/produit\/pins-bretzel\/","title":{"rendered":"Pin&#8217;s &#8211; Bretzel"},"content":{"rendered":"<p><span style=\"font-size: 0.875rem\">Apportez une touche de fantaisie \u00e0 votre tenue avec ces pin&#8217;s Bretzel, une cr\u00e9ation pleine de charme qui apporte une touche de relaxation \u00e0 vos tenues.<\/span><\/p>\n<div class=\"prdescription\" style=\"text-align: left\">\n<div class=\"prdescription\">\n<div class=\"prdescription\">\n<p><span>Parfait pour ajouter une note d&#8217;originalit\u00e9 \u00e0 vos accessoires avec ce pin&#8217;s unique.<\/span><\/p>\n<\/div>\n<\/div>\n<\/div>\n","protected":false},"excerpt":{"rendered":"<p>Apportez une touche de fantaisie \u00e0 votre tenue avec ces pin&#8217;s Bretzel, une cr\u00e9ation pleine de charme qui apporte une touche de relaxation \u00e0 vos tenues. Parfait pour ajouter une note d&#8217;originalit\u00e9 \u00e0 vos accessoires avec ce pin&#8217;s unique.<\/p>\n","protected":false},"featured_media":2859844,"comment_status":"open","ping_status":"closed","template":"","meta":[],"product_brand":[],"product_cat":[1756,1764],"product_tag":[1813],"acf":[],"_links":{"self":[{"href":"https:\/\/streetmarkets.fr\/app\/wp-json\/wp\/v2\/product\/2859843"}],"collection":[{"href":"https:\/\/streetmarkets.fr\/app\/wp-json\/wp\/v2\/product"}],"about":[{"href":"https:\/\/streetmarkets.fr\/app\/wp-json\/wp\/v2\/types\/product"}],"replies":[{"embeddable":true,"href":"https:\/\/streetmarkets.fr\/app\/wp-json\/wp\/v2\/comments?post=2859843"}],"wp:featuredmedia":[{"embeddable":true,"href":"https:\/\/streetmarkets.fr\/app\/wp-json\/wp\/v2\/media\/2859844"}],"wp:attachment":[{"href":"https:\/\/streetmarkets.fr\/app\/wp-json\/wp\/v2\/media?parent=2859843"}],"wp:term":[{"taxonomy":"product_brand","embeddable":true,"href":"https:\/\/streetmarkets.fr\/app\/wp-json\/wp\/v2\/product_brand?post=2859843"},{"taxonomy":"product_cat","embeddable":true,"href":"https:\/\/streetmarkets.fr\/app\/wp-json\/wp\/v2\/product_cat?post=2859843"},{"taxonomy":"product_tag","embeddable":true,"href":"https:\/\/streetmarkets.fr\/app\/wp-json\/wp\/v2\/product_tag?post=2859843"}],"curies":[{"name":"wp","href":"https:\/\/api.w.org\/{rel}","templated":true}]}}