{"id":2859753,"date":"2025-10-18T01:26:58","date_gmt":"2025-10-17T23:26:58","guid":{"rendered":"https:\/\/streetmarkets.fr\/app\/produit\/bonnet-viggo-orange-ocre\/"},"modified":"2026-05-02T01:18:09","modified_gmt":"2026-05-01T23:18:09","slug":"bonnet-viggo-orange-ocre","status":"publish","type":"product","link":"https:\/\/streetmarkets.fr\/app\/produit\/bonnet-viggo-orange-ocre\/","title":{"rendered":"Bonnet Viggo Orange Ocre"},"content":{"rendered":"<p><a href=\"https:\/\/frenchtouche.com\/collections\/mapoesie\" title=\"Collection MAPOESIE\"><strong>Collection MAPOESIE<\/strong><\/a><\/p>\n<ul><\/ul>\n<ul>\n<li>\n <span>90% laine, 10% cachemire<\/span>\n<\/li>\n<li><span>Mod\u00e8le unisexe<\/span><\/li>\n<li><span>Taille unique<\/span><\/li>\n<\/ul>\n<p data-mce-fragment=\"1\"><span data-mce-fragment=\"1\">Dessin\u00e9 en France<br data-mce-fragment=\"1\">Fabriqu\u00e9 en Italie<\/span><\/p>\n","protected":false},"excerpt":{"rendered":"<p>Collection MAPOESIE 90% laine, 10% cachemire Mod\u00e8le unisexe Taille unique Dessin\u00e9 en FranceFabriqu\u00e9 en Italie<\/p>\n","protected":false},"featured_media":2859754,"comment_status":"open","ping_status":"closed","template":"","meta":[],"product_brand":[],"product_cat":[1756,1764],"product_tag":[2244,1811],"acf":[],"_links":{"self":[{"href":"https:\/\/streetmarkets.fr\/app\/wp-json\/wp\/v2\/product\/2859753"}],"collection":[{"href":"https:\/\/streetmarkets.fr\/app\/wp-json\/wp\/v2\/product"}],"about":[{"href":"https:\/\/streetmarkets.fr\/app\/wp-json\/wp\/v2\/types\/product"}],"replies":[{"embeddable":true,"href":"https:\/\/streetmarkets.fr\/app\/wp-json\/wp\/v2\/comments?post=2859753"}],"wp:featuredmedia":[{"embeddable":true,"href":"https:\/\/streetmarkets.fr\/app\/wp-json\/wp\/v2\/media\/2859754"}],"wp:attachment":[{"href":"https:\/\/streetmarkets.fr\/app\/wp-json\/wp\/v2\/media?parent=2859753"}],"wp:term":[{"taxonomy":"product_brand","embeddable":true,"href":"https:\/\/streetmarkets.fr\/app\/wp-json\/wp\/v2\/product_brand?post=2859753"},{"taxonomy":"product_cat","embeddable":true,"href":"https:\/\/streetmarkets.fr\/app\/wp-json\/wp\/v2\/product_cat?post=2859753"},{"taxonomy":"product_tag","embeddable":true,"href":"https:\/\/streetmarkets.fr\/app\/wp-json\/wp\/v2\/product_tag?post=2859753"}],"curies":[{"name":"wp","href":"https:\/\/api.w.org\/{rel}","templated":true}]}}