{"id":2859399,"date":"2025-10-17T08:43:04","date_gmt":"2025-10-17T06:43:04","guid":{"rendered":"https:\/\/streetmarkets.fr\/app\/produit\/collier-avec-pendentif-amethyste-etoile-au-fil-de-lo\/"},"modified":"2026-05-05T08:39:03","modified_gmt":"2026-05-05T06:39:03","slug":"collier-avec-pendentif-amethyste-etoile-au-fil-de-lo","status":"publish","type":"product","link":"https:\/\/streetmarkets.fr\/app\/produit\/collier-avec-pendentif-amethyste-etoile-au-fil-de-lo\/","title":{"rendered":"Collier avec pendentif am\u00e9thyste \u00e9toile &#8211; Au fil de Lo"},"content":{"rendered":"<p>Collier avec chaine dor\u00e9e et pendentif en pierre fine en am\u00e9thyste.\u00a0<\/p>\n<p>Retrouvez sur notre eshop une s\u00e9lection des plus beaux mod\u00e8les de bijoux de la marque <a href=\"https:\/\/www.joee.fr\/concept-store-au-fil-de-lo-paris\" target=\"_blank\" rel=\"noopener\">Au Fil de LO.<\/a><\/p>\n","protected":false},"excerpt":{"rendered":"<p>Collier avec chaine dor\u00e9e et pendentif en pierre fine en am\u00e9thyste.\u00a0 Retrouvez sur notre eshop une s\u00e9lection des plus beaux mod\u00e8les de bijoux de la marque Au Fil de LO.<\/p>\n","protected":false},"featured_media":2859400,"comment_status":"open","ping_status":"closed","template":"","meta":[],"product_brand":[],"product_cat":[1807,1756],"product_tag":[2244],"acf":[],"_links":{"self":[{"href":"https:\/\/streetmarkets.fr\/app\/wp-json\/wp\/v2\/product\/2859399"}],"collection":[{"href":"https:\/\/streetmarkets.fr\/app\/wp-json\/wp\/v2\/product"}],"about":[{"href":"https:\/\/streetmarkets.fr\/app\/wp-json\/wp\/v2\/types\/product"}],"replies":[{"embeddable":true,"href":"https:\/\/streetmarkets.fr\/app\/wp-json\/wp\/v2\/comments?post=2859399"}],"wp:featuredmedia":[{"embeddable":true,"href":"https:\/\/streetmarkets.fr\/app\/wp-json\/wp\/v2\/media\/2859400"}],"wp:attachment":[{"href":"https:\/\/streetmarkets.fr\/app\/wp-json\/wp\/v2\/media?parent=2859399"}],"wp:term":[{"taxonomy":"product_brand","embeddable":true,"href":"https:\/\/streetmarkets.fr\/app\/wp-json\/wp\/v2\/product_brand?post=2859399"},{"taxonomy":"product_cat","embeddable":true,"href":"https:\/\/streetmarkets.fr\/app\/wp-json\/wp\/v2\/product_cat?post=2859399"},{"taxonomy":"product_tag","embeddable":true,"href":"https:\/\/streetmarkets.fr\/app\/wp-json\/wp\/v2\/product_tag?post=2859399"}],"curies":[{"name":"wp","href":"https:\/\/api.w.org\/{rel}","templated":true}]}}