{"id":2852829,"date":"2025-10-16T08:54:28","date_gmt":"2025-10-16T06:54:28","guid":{"rendered":"https:\/\/streetmarkets.fr\/app\/produit\/pull-col-v-en-mohair-et-laine-a-fleurs-bleu\/"},"modified":"2026-05-14T08:52:54","modified_gmt":"2026-05-14T06:52:54","slug":"pull-col-v-en-mohair-et-laine-a-fleurs-bleu","status":"publish","type":"product","link":"https:\/\/streetmarkets.fr\/app\/produit\/pull-col-v-en-mohair-et-laine-a-fleurs-bleu\/","title":{"rendered":"Pull col V en mohair et laine \u00e0 fleurs &#8211; bleu"},"content":{"rendered":"<p>Ce pull, confectionn\u00e9 dans un m\u00e9lange doux de mohair et de laine, est id\u00e9al pour affronter l\u2019hiver. Son col en V est orn\u00e9 de fleurs en crochet r\u00e9alis\u00e9es \u00e0 la main, apportant une touche artisanale unique. La coupe est ajust\u00e9e \u00e0 la taille. Les manches, bouffantes jusqu\u2019au coude, se prolongent par de larges poignets XXL qui enveloppent les avant-bras. Sa teinte bleu doux et son style singulier en font une pi\u00e8ce d\u2019exception.<\/p>\n<p><\/p>\n","protected":false},"excerpt":{"rendered":"<p>Ce pull, confectionn\u00e9 dans un m\u00e9lange doux de mohair et de laine, est id\u00e9al pour affronter l\u2019hiver. Son col en V est orn\u00e9 de fleurs en crochet r\u00e9alis\u00e9es \u00e0 la main, apportant une touche artisanale unique. La coupe est ajust\u00e9e \u00e0 la taille. Les manches, bouffantes jusqu\u2019au coude, se prolongent par de larges poignets XXL [&hellip;]<\/p>\n","protected":false},"featured_media":2852830,"comment_status":"open","ping_status":"closed","template":"","meta":[],"product_brand":[],"product_cat":[1756,1762],"product_tag":[2244,1811],"acf":[],"_links":{"self":[{"href":"https:\/\/streetmarkets.fr\/app\/wp-json\/wp\/v2\/product\/2852829"}],"collection":[{"href":"https:\/\/streetmarkets.fr\/app\/wp-json\/wp\/v2\/product"}],"about":[{"href":"https:\/\/streetmarkets.fr\/app\/wp-json\/wp\/v2\/types\/product"}],"replies":[{"embeddable":true,"href":"https:\/\/streetmarkets.fr\/app\/wp-json\/wp\/v2\/comments?post=2852829"}],"wp:featuredmedia":[{"embeddable":true,"href":"https:\/\/streetmarkets.fr\/app\/wp-json\/wp\/v2\/media\/2852830"}],"wp:attachment":[{"href":"https:\/\/streetmarkets.fr\/app\/wp-json\/wp\/v2\/media?parent=2852829"}],"wp:term":[{"taxonomy":"product_brand","embeddable":true,"href":"https:\/\/streetmarkets.fr\/app\/wp-json\/wp\/v2\/product_brand?post=2852829"},{"taxonomy":"product_cat","embeddable":true,"href":"https:\/\/streetmarkets.fr\/app\/wp-json\/wp\/v2\/product_cat?post=2852829"},{"taxonomy":"product_tag","embeddable":true,"href":"https:\/\/streetmarkets.fr\/app\/wp-json\/wp\/v2\/product_tag?post=2852829"}],"curies":[{"name":"wp","href":"https:\/\/api.w.org\/{rel}","templated":true}]}}