{"id":2852818,"date":"2025-10-16T08:54:27","date_gmt":"2025-10-16T06:54:27","guid":{"rendered":"https:\/\/streetmarkets.fr\/app\/produit\/robe-en-maille-a-dos-ouvert-et-manches-ouvertes-bleu-marine\/"},"modified":"2026-04-09T08:52:48","modified_gmt":"2026-04-09T06:52:48","slug":"robe-en-maille-a-dos-ouvert-et-manches-ouvertes-bleu-marine","status":"publish","type":"product","link":"https:\/\/streetmarkets.fr\/app\/produit\/robe-en-maille-a-dos-ouvert-et-manches-ouvertes-bleu-marine\/","title":{"rendered":"Robe en maille \u00e0 dos ouvert et manches ouvertes &#8211; bleu marine"},"content":{"rendered":"<p>Robe en maille bleu nuit intense, con\u00e7ue avec trois styles de tricot diff\u00e9rents qui cr\u00e9ent un jeu de textures \u00e9l\u00e9gant. Le col en forme de goutte est sublim\u00e9 par une broche argent\u00e9e au design organique et ovale. Les manches ouvertes sur la partie inf\u00e9rieure apportent une touche unique et contemporaine \u00e0 la silhouette. D\u2019une longueur maxi, cette robe dos nu maxi incarne l\u2019alliance parfaite entre audace et sophistication.<\/p>\n<p><\/p>\n","protected":false},"excerpt":{"rendered":"<p>Robe en maille bleu nuit intense, con\u00e7ue avec trois styles de tricot diff\u00e9rents qui cr\u00e9ent un jeu de textures \u00e9l\u00e9gant. Le col en forme de goutte est sublim\u00e9 par une broche argent\u00e9e au design organique et ovale. Les manches ouvertes sur la partie inf\u00e9rieure apportent une touche unique et contemporaine \u00e0 la silhouette. D\u2019une longueur [&hellip;]<\/p>\n","protected":false},"featured_media":2852819,"comment_status":"open","ping_status":"closed","template":"","meta":[],"product_brand":[],"product_cat":[1756,1762],"product_tag":[2244,1811],"acf":[],"_links":{"self":[{"href":"https:\/\/streetmarkets.fr\/app\/wp-json\/wp\/v2\/product\/2852818"}],"collection":[{"href":"https:\/\/streetmarkets.fr\/app\/wp-json\/wp\/v2\/product"}],"about":[{"href":"https:\/\/streetmarkets.fr\/app\/wp-json\/wp\/v2\/types\/product"}],"replies":[{"embeddable":true,"href":"https:\/\/streetmarkets.fr\/app\/wp-json\/wp\/v2\/comments?post=2852818"}],"wp:featuredmedia":[{"embeddable":true,"href":"https:\/\/streetmarkets.fr\/app\/wp-json\/wp\/v2\/media\/2852819"}],"wp:attachment":[{"href":"https:\/\/streetmarkets.fr\/app\/wp-json\/wp\/v2\/media?parent=2852818"}],"wp:term":[{"taxonomy":"product_brand","embeddable":true,"href":"https:\/\/streetmarkets.fr\/app\/wp-json\/wp\/v2\/product_brand?post=2852818"},{"taxonomy":"product_cat","embeddable":true,"href":"https:\/\/streetmarkets.fr\/app\/wp-json\/wp\/v2\/product_cat?post=2852818"},{"taxonomy":"product_tag","embeddable":true,"href":"https:\/\/streetmarkets.fr\/app\/wp-json\/wp\/v2\/product_tag?post=2852818"}],"curies":[{"name":"wp","href":"https:\/\/api.w.org\/{rel}","templated":true}]}}