{"id":2852809,"date":"2025-10-16T08:54:26","date_gmt":"2025-10-16T06:54:26","guid":{"rendered":"https:\/\/streetmarkets.fr\/app\/produit\/jupe-midi-en-sequins-sirene-rose\/"},"modified":"2026-05-11T08:52:33","modified_gmt":"2026-05-11T06:52:33","slug":"jupe-midi-en-sequins-sirene-rose","status":"publish","type":"product","link":"https:\/\/streetmarkets.fr\/app\/produit\/jupe-midi-en-sequins-sirene-rose\/","title":{"rendered":"Jupe midi en sequins sir\u00e8ne &#8211; rose"},"content":{"rendered":"<p>Cette jupe longueur genou est r\u00e9alis\u00e9e en gros sequins mats et souples, m\u00ealant d\u00e9licatement des nuances de vieux rose clair et de blanc cass\u00e9. Enti\u00e8rement doubl\u00e9e d\u2019un tulle nude, ce dernier se r\u00e9v\u00e8le aussi sous la ceinture, cr\u00e9ant un subtil jeu de transparence. L\u2019enfilage se fait ais\u00e9ment gr\u00e2ce \u00e0 des crochets d\u2019inspiration lingerie et un bouton discret plac\u00e9 sur le c\u00f4t\u00e9. Le bas de la jupe \u00e9pouse avec gr\u00e2ce la forme arrondie du motif, soulignant l\u2019harmonie de la silhouette.<\/p>\n<p><\/p>\n","protected":false},"excerpt":{"rendered":"<p>Cette jupe longueur genou est r\u00e9alis\u00e9e en gros sequins mats et souples, m\u00ealant d\u00e9licatement des nuances de vieux rose clair et de blanc cass\u00e9. Enti\u00e8rement doubl\u00e9e d\u2019un tulle nude, ce dernier se r\u00e9v\u00e8le aussi sous la ceinture, cr\u00e9ant un subtil jeu de transparence. L\u2019enfilage se fait ais\u00e9ment gr\u00e2ce \u00e0 des crochets d\u2019inspiration lingerie et un [&hellip;]<\/p>\n","protected":false},"featured_media":2852810,"comment_status":"open","ping_status":"closed","template":"","meta":[],"product_brand":[],"product_cat":[1756,1762],"product_tag":[2244,1811],"acf":[],"_links":{"self":[{"href":"https:\/\/streetmarkets.fr\/app\/wp-json\/wp\/v2\/product\/2852809"}],"collection":[{"href":"https:\/\/streetmarkets.fr\/app\/wp-json\/wp\/v2\/product"}],"about":[{"href":"https:\/\/streetmarkets.fr\/app\/wp-json\/wp\/v2\/types\/product"}],"replies":[{"embeddable":true,"href":"https:\/\/streetmarkets.fr\/app\/wp-json\/wp\/v2\/comments?post=2852809"}],"wp:featuredmedia":[{"embeddable":true,"href":"https:\/\/streetmarkets.fr\/app\/wp-json\/wp\/v2\/media\/2852810"}],"wp:attachment":[{"href":"https:\/\/streetmarkets.fr\/app\/wp-json\/wp\/v2\/media?parent=2852809"}],"wp:term":[{"taxonomy":"product_brand","embeddable":true,"href":"https:\/\/streetmarkets.fr\/app\/wp-json\/wp\/v2\/product_brand?post=2852809"},{"taxonomy":"product_cat","embeddable":true,"href":"https:\/\/streetmarkets.fr\/app\/wp-json\/wp\/v2\/product_cat?post=2852809"},{"taxonomy":"product_tag","embeddable":true,"href":"https:\/\/streetmarkets.fr\/app\/wp-json\/wp\/v2\/product_tag?post=2852809"}],"curies":[{"name":"wp","href":"https:\/\/api.w.org\/{rel}","templated":true}]}}