{"id":2852792,"date":"2025-10-16T08:53:51","date_gmt":"2025-10-16T06:53:51","guid":{"rendered":"https:\/\/streetmarkets.fr\/app\/produit\/robe-en-maille-reflechissante-avec-corail-crochete-bleu-aqua\/"},"modified":"2026-05-04T08:52:30","modified_gmt":"2026-05-04T06:52:30","slug":"robe-en-maille-reflechissante-avec-corail-crochete-bleu-aqua","status":"publish","type":"product","link":"https:\/\/streetmarkets.fr\/app\/produit\/robe-en-maille-reflechissante-avec-corail-crochete-bleu-aqua\/","title":{"rendered":"Robe en maille r\u00e9fl\u00e9chissante avec corail crochet\u00e9 &#8211; bleu aqua"},"content":{"rendered":"<p>Ph\u00e8me d\u00e9voile sa nouvelle robe en maille r\u00e9fl\u00e9chissante. Cette mati\u00e8re technique dans un doux ton bleu canard s\u2019illumine d\u00e8s que vous allumez votre flash, captant la lumi\u00e8re pour un effet spectaculaire. Une robe intrigante, id\u00e9ale pour une soir\u00e9e o\u00f9 il faut se faire remarquer. Le dos nu, longueur mi-mollet, est agr\u00e9ment\u00e9 de deux liens orn\u00e9s de crochet et de perles. La robe est \u00e9galement d\u00e9cor\u00e9e de fleurs, coraux et \u00e9toiles de mer en crochet faits main, qui r\u00e9fl\u00e9chissent \u00e9l\u00e9gamment la lumi\u00e8re.<\/p>\n<p><\/p>\n","protected":false},"excerpt":{"rendered":"<p>Ph\u00e8me d\u00e9voile sa nouvelle robe en maille r\u00e9fl\u00e9chissante. Cette mati\u00e8re technique dans un doux ton bleu canard s\u2019illumine d\u00e8s que vous allumez votre flash, captant la lumi\u00e8re pour un effet spectaculaire. Une robe intrigante, id\u00e9ale pour une soir\u00e9e o\u00f9 il faut se faire remarquer. Le dos nu, longueur mi-mollet, est agr\u00e9ment\u00e9 de deux liens orn\u00e9s [&hellip;]<\/p>\n","protected":false},"featured_media":2852793,"comment_status":"open","ping_status":"closed","template":"","meta":[],"product_brand":[],"product_cat":[1756,1762],"product_tag":[2244,1811],"acf":[],"_links":{"self":[{"href":"https:\/\/streetmarkets.fr\/app\/wp-json\/wp\/v2\/product\/2852792"}],"collection":[{"href":"https:\/\/streetmarkets.fr\/app\/wp-json\/wp\/v2\/product"}],"about":[{"href":"https:\/\/streetmarkets.fr\/app\/wp-json\/wp\/v2\/types\/product"}],"replies":[{"embeddable":true,"href":"https:\/\/streetmarkets.fr\/app\/wp-json\/wp\/v2\/comments?post=2852792"}],"wp:featuredmedia":[{"embeddable":true,"href":"https:\/\/streetmarkets.fr\/app\/wp-json\/wp\/v2\/media\/2852793"}],"wp:attachment":[{"href":"https:\/\/streetmarkets.fr\/app\/wp-json\/wp\/v2\/media?parent=2852792"}],"wp:term":[{"taxonomy":"product_brand","embeddable":true,"href":"https:\/\/streetmarkets.fr\/app\/wp-json\/wp\/v2\/product_brand?post=2852792"},{"taxonomy":"product_cat","embeddable":true,"href":"https:\/\/streetmarkets.fr\/app\/wp-json\/wp\/v2\/product_cat?post=2852792"},{"taxonomy":"product_tag","embeddable":true,"href":"https:\/\/streetmarkets.fr\/app\/wp-json\/wp\/v2\/product_tag?post=2852792"}],"curies":[{"name":"wp","href":"https:\/\/api.w.org\/{rel}","templated":true}]}}