{"id":2852771,"date":"2025-10-16T08:53:49","date_gmt":"2025-10-16T06:53:49","guid":{"rendered":"https:\/\/streetmarkets.fr\/app\/produit\/robe-maxi-en-dentelle-avec-manches-volantes-bleu\/"},"modified":"2026-05-11T08:52:33","modified_gmt":"2026-05-11T06:52:33","slug":"robe-maxi-en-dentelle-avec-manches-volantes-bleu","status":"publish","type":"product","link":"https:\/\/streetmarkets.fr\/app\/produit\/robe-maxi-en-dentelle-avec-manches-volantes-bleu\/","title":{"rendered":"Robe maxi en dentelle avec manches volantes &#8211; bleu"},"content":{"rendered":"<p data-start=\"61\" data-end=\"564\">La robe pr\u00e9sente un d\u00e9collet\u00e9 goutte d\u2019eau, maintenu par une broche argent\u00e9e en forme d\u2019\u00e9toile de mer. Sa jupe \u00e9vas\u00e9e apporte l\u00e9g\u00e8ret\u00e9 et mouvement. Les manches ajust\u00e9es se terminent par des poignets orn\u00e9s de deux rang\u00e9es de volants. Une fermeture \u00e9clair au dos facilite l\u2019enfilage. Enti\u00e8rement doubl\u00e9e d\u2019un tulle souple dans la m\u00eame couleur, la dentelle bleu argent\u00e9 et les d\u00e9tails raffin\u00e9s font de cette pi\u00e8ce une cr\u00e9ation \u00e9l\u00e9gante, pens\u00e9e pour sublimer la silhouette en toute occasion.<\/p>\n<p data-start=\"61\" data-end=\"564\"><\/p>\n","protected":false},"excerpt":{"rendered":"<p>La robe pr\u00e9sente un d\u00e9collet\u00e9 goutte d\u2019eau, maintenu par une broche argent\u00e9e en forme d\u2019\u00e9toile de mer. Sa jupe \u00e9vas\u00e9e apporte l\u00e9g\u00e8ret\u00e9 et mouvement. Les manches ajust\u00e9es se terminent par des poignets orn\u00e9s de deux rang\u00e9es de volants. Une fermeture \u00e9clair au dos facilite l\u2019enfilage. Enti\u00e8rement doubl\u00e9e d\u2019un tulle souple dans la m\u00eame couleur, la [&hellip;]<\/p>\n","protected":false},"featured_media":2852772,"comment_status":"open","ping_status":"closed","template":"","meta":[],"product_brand":[],"product_cat":[1756,1762],"product_tag":[2244,1811],"acf":[],"_links":{"self":[{"href":"https:\/\/streetmarkets.fr\/app\/wp-json\/wp\/v2\/product\/2852771"}],"collection":[{"href":"https:\/\/streetmarkets.fr\/app\/wp-json\/wp\/v2\/product"}],"about":[{"href":"https:\/\/streetmarkets.fr\/app\/wp-json\/wp\/v2\/types\/product"}],"replies":[{"embeddable":true,"href":"https:\/\/streetmarkets.fr\/app\/wp-json\/wp\/v2\/comments?post=2852771"}],"wp:featuredmedia":[{"embeddable":true,"href":"https:\/\/streetmarkets.fr\/app\/wp-json\/wp\/v2\/media\/2852772"}],"wp:attachment":[{"href":"https:\/\/streetmarkets.fr\/app\/wp-json\/wp\/v2\/media?parent=2852771"}],"wp:term":[{"taxonomy":"product_brand","embeddable":true,"href":"https:\/\/streetmarkets.fr\/app\/wp-json\/wp\/v2\/product_brand?post=2852771"},{"taxonomy":"product_cat","embeddable":true,"href":"https:\/\/streetmarkets.fr\/app\/wp-json\/wp\/v2\/product_cat?post=2852771"},{"taxonomy":"product_tag","embeddable":true,"href":"https:\/\/streetmarkets.fr\/app\/wp-json\/wp\/v2\/product_tag?post=2852771"}],"curies":[{"name":"wp","href":"https:\/\/api.w.org\/{rel}","templated":true}]}}