{"id":2852742,"date":"2025-10-16T08:53:46","date_gmt":"2025-10-16T06:53:46","guid":{"rendered":"https:\/\/streetmarkets.fr\/app\/produit\/robe-patchwork-losanges-jaune\/"},"modified":"2026-05-11T08:52:33","modified_gmt":"2026-05-11T06:52:33","slug":"robe-patchwork-losanges-jaune","status":"publish","type":"product","link":"https:\/\/streetmarkets.fr\/app\/produit\/robe-patchwork-losanges-jaune\/","title":{"rendered":"Robe patchwork losanges &#8211; jaune"},"content":{"rendered":"<p>Enfilez cette robe jaune patchwork de losanges en satin et chiffon pour un look \u00e9l\u00e9gant et original. Le m\u00e9lange de tissus cr\u00e9e une robe unique, parfaite pour toutes les occasions. Soyez chic et amusante avec cette robe \u00e9l\u00e9gante et hors du commun!<\/p>\n","protected":false},"excerpt":{"rendered":"<p>Enfilez cette robe jaune patchwork de losanges en satin et chiffon pour un look \u00e9l\u00e9gant et original. Le m\u00e9lange de tissus cr\u00e9e une robe unique, parfaite pour toutes les occasions. Soyez chic et amusante avec cette robe \u00e9l\u00e9gante et hors du commun!<\/p>\n","protected":false},"featured_media":2852743,"comment_status":"open","ping_status":"closed","template":"","meta":[],"product_brand":[],"product_cat":[1756,1762],"product_tag":[2244,1811],"acf":[],"_links":{"self":[{"href":"https:\/\/streetmarkets.fr\/app\/wp-json\/wp\/v2\/product\/2852742"}],"collection":[{"href":"https:\/\/streetmarkets.fr\/app\/wp-json\/wp\/v2\/product"}],"about":[{"href":"https:\/\/streetmarkets.fr\/app\/wp-json\/wp\/v2\/types\/product"}],"replies":[{"embeddable":true,"href":"https:\/\/streetmarkets.fr\/app\/wp-json\/wp\/v2\/comments?post=2852742"}],"wp:featuredmedia":[{"embeddable":true,"href":"https:\/\/streetmarkets.fr\/app\/wp-json\/wp\/v2\/media\/2852743"}],"wp:attachment":[{"href":"https:\/\/streetmarkets.fr\/app\/wp-json\/wp\/v2\/media?parent=2852742"}],"wp:term":[{"taxonomy":"product_brand","embeddable":true,"href":"https:\/\/streetmarkets.fr\/app\/wp-json\/wp\/v2\/product_brand?post=2852742"},{"taxonomy":"product_cat","embeddable":true,"href":"https:\/\/streetmarkets.fr\/app\/wp-json\/wp\/v2\/product_cat?post=2852742"},{"taxonomy":"product_tag","embeddable":true,"href":"https:\/\/streetmarkets.fr\/app\/wp-json\/wp\/v2\/product_tag?post=2852742"}],"curies":[{"name":"wp","href":"https:\/\/api.w.org\/{rel}","templated":true}]}}