{"id":2852715,"date":"2025-10-16T08:53:44","date_gmt":"2025-10-16T06:53:44","guid":{"rendered":"https:\/\/streetmarkets.fr\/app\/produit\/robe-longue-a-volants-imprime-fleuri\/"},"modified":"2026-05-14T08:52:53","modified_gmt":"2026-05-14T06:52:53","slug":"robe-longue-a-volants-imprime-fleuri","status":"publish","type":"product","link":"https:\/\/streetmarkets.fr\/app\/produit\/robe-longue-a-volants-imprime-fleuri\/","title":{"rendered":"Robe longue \u00e0 volants &#8211; imprim\u00e9 fleuri"},"content":{"rendered":"<p>D\u00e9tails floraux et volants fluides font de cette robe en cr\u00eape un choix f\u00e9minin et festif. Sa coupe ajust\u00e9e met en valeur le corps tandis que le bas volumineux apporte une touche de sophistication. Id\u00e9ale pour les occasions sp\u00e9ciales, cette robe imprim\u00e9e vous fera vous d\u00e9marquer avec \u00e9l\u00e9gance.<\/p>\n","protected":false},"excerpt":{"rendered":"<p>D\u00e9tails floraux et volants fluides font de cette robe en cr\u00eape un choix f\u00e9minin et festif. Sa coupe ajust\u00e9e met en valeur le corps tandis que le bas volumineux apporte une touche de sophistication. Id\u00e9ale pour les occasions sp\u00e9ciales, cette robe imprim\u00e9e vous fera vous d\u00e9marquer avec \u00e9l\u00e9gance.<\/p>\n","protected":false},"featured_media":2852716,"comment_status":"open","ping_status":"closed","template":"","meta":[],"product_brand":[],"product_cat":[1756,1762],"product_tag":[2244,1811],"acf":[],"_links":{"self":[{"href":"https:\/\/streetmarkets.fr\/app\/wp-json\/wp\/v2\/product\/2852715"}],"collection":[{"href":"https:\/\/streetmarkets.fr\/app\/wp-json\/wp\/v2\/product"}],"about":[{"href":"https:\/\/streetmarkets.fr\/app\/wp-json\/wp\/v2\/types\/product"}],"replies":[{"embeddable":true,"href":"https:\/\/streetmarkets.fr\/app\/wp-json\/wp\/v2\/comments?post=2852715"}],"wp:featuredmedia":[{"embeddable":true,"href":"https:\/\/streetmarkets.fr\/app\/wp-json\/wp\/v2\/media\/2852716"}],"wp:attachment":[{"href":"https:\/\/streetmarkets.fr\/app\/wp-json\/wp\/v2\/media?parent=2852715"}],"wp:term":[{"taxonomy":"product_brand","embeddable":true,"href":"https:\/\/streetmarkets.fr\/app\/wp-json\/wp\/v2\/product_brand?post=2852715"},{"taxonomy":"product_cat","embeddable":true,"href":"https:\/\/streetmarkets.fr\/app\/wp-json\/wp\/v2\/product_cat?post=2852715"},{"taxonomy":"product_tag","embeddable":true,"href":"https:\/\/streetmarkets.fr\/app\/wp-json\/wp\/v2\/product_tag?post=2852715"}],"curies":[{"name":"wp","href":"https:\/\/api.w.org\/{rel}","templated":true}]}}