{"id":2852629,"date":"2025-10-16T08:53:39","date_gmt":"2025-10-16T06:53:39","guid":{"rendered":"https:\/\/streetmarkets.fr\/app\/produit\/pantalon-droit-a-imprime-fleur-vintage\/"},"modified":"2026-04-30T08:52:42","modified_gmt":"2026-04-30T06:52:42","slug":"pantalon-droit-a-imprime-fleur-vintage","status":"publish","type":"product","link":"https:\/\/streetmarkets.fr\/app\/produit\/pantalon-droit-a-imprime-fleur-vintage\/","title":{"rendered":"Pantalon droit \u00e0 imprim\u00e9 &#8211; fleur vintage"},"content":{"rendered":"<p><span data-mce-fragment=\"1\">Veuillez consulter le guide des tailles et choisir votre taille habituelle.<\/span><\/p>\n<p><span data-mce-fragment=\"1\">Notre pantalon imprim\u00e9 d&#8217;inspiration vintage a une coupe droite qui assure une silhouette flatteuse, agr\u00e9ment\u00e9e de d\u00e9licats volants en bas et d&#8217;une ceinture \u00e9lastique pratique pour un confort accru. Associez-le sans effort \u00e0 la chemise assortie ou mixez avec d&#8217;autres pi\u00e8ces pour un ensemble polyvalent et chic.<\/span><\/p>\n","protected":false},"excerpt":{"rendered":"<p>Veuillez consulter le guide des tailles et choisir votre taille habituelle. Notre pantalon imprim\u00e9 d&#8217;inspiration vintage a une coupe droite qui assure une silhouette flatteuse, agr\u00e9ment\u00e9e de d\u00e9licats volants en bas et d&#8217;une ceinture \u00e9lastique pratique pour un confort accru. Associez-le sans effort \u00e0 la chemise assortie ou mixez avec d&#8217;autres pi\u00e8ces pour un ensemble [&hellip;]<\/p>\n","protected":false},"featured_media":2852630,"comment_status":"open","ping_status":"closed","template":"","meta":[],"product_brand":[],"product_cat":[1756,1762],"product_tag":[2244,1811],"acf":[],"_links":{"self":[{"href":"https:\/\/streetmarkets.fr\/app\/wp-json\/wp\/v2\/product\/2852629"}],"collection":[{"href":"https:\/\/streetmarkets.fr\/app\/wp-json\/wp\/v2\/product"}],"about":[{"href":"https:\/\/streetmarkets.fr\/app\/wp-json\/wp\/v2\/types\/product"}],"replies":[{"embeddable":true,"href":"https:\/\/streetmarkets.fr\/app\/wp-json\/wp\/v2\/comments?post=2852629"}],"wp:featuredmedia":[{"embeddable":true,"href":"https:\/\/streetmarkets.fr\/app\/wp-json\/wp\/v2\/media\/2852630"}],"wp:attachment":[{"href":"https:\/\/streetmarkets.fr\/app\/wp-json\/wp\/v2\/media?parent=2852629"}],"wp:term":[{"taxonomy":"product_brand","embeddable":true,"href":"https:\/\/streetmarkets.fr\/app\/wp-json\/wp\/v2\/product_brand?post=2852629"},{"taxonomy":"product_cat","embeddable":true,"href":"https:\/\/streetmarkets.fr\/app\/wp-json\/wp\/v2\/product_cat?post=2852629"},{"taxonomy":"product_tag","embeddable":true,"href":"https:\/\/streetmarkets.fr\/app\/wp-json\/wp\/v2\/product_tag?post=2852629"}],"curies":[{"name":"wp","href":"https:\/\/api.w.org\/{rel}","templated":true}]}}