{"id":2852528,"date":"2025-10-16T08:53:33","date_gmt":"2025-10-16T06:53:33","guid":{"rendered":"https:\/\/streetmarkets.fr\/app\/produit\/haut-brode-a-dos-ouvert-et-a-liens-beige\/"},"modified":"2026-05-04T08:52:11","modified_gmt":"2026-05-04T06:52:11","slug":"haut-brode-a-dos-ouvert-et-a-liens-beige","status":"publish","type":"product","link":"https:\/\/streetmarkets.fr\/app\/produit\/haut-brode-a-dos-ouvert-et-a-liens-beige\/","title":{"rendered":"Haut brod\u00e9 \u00e0 dos ouvert et \u00e0 liens &#8211; Beige"},"content":{"rendered":"<p>Ce haut \u00e0 dos ouvert est r\u00e9alis\u00e9 dans un tissu brod\u00e9 de motifs bambou et d\u00e9licatement orn\u00e9 de sequins discrets. Il pr\u00e9sente des bretelles fines ajustables et des bretelles en ruban de soie \u00e0 nouer pour un ajustement parfait.<\/p>\n","protected":false},"excerpt":{"rendered":"<p>Ce haut \u00e0 dos ouvert est r\u00e9alis\u00e9 dans un tissu brod\u00e9 de motifs bambou et d\u00e9licatement orn\u00e9 de sequins discrets. Il pr\u00e9sente des bretelles fines ajustables et des bretelles en ruban de soie \u00e0 nouer pour un ajustement parfait.<\/p>\n","protected":false},"featured_media":2852529,"comment_status":"open","ping_status":"closed","template":"","meta":[],"product_brand":[],"product_cat":[1756,1762],"product_tag":[2244,1811],"acf":[],"_links":{"self":[{"href":"https:\/\/streetmarkets.fr\/app\/wp-json\/wp\/v2\/product\/2852528"}],"collection":[{"href":"https:\/\/streetmarkets.fr\/app\/wp-json\/wp\/v2\/product"}],"about":[{"href":"https:\/\/streetmarkets.fr\/app\/wp-json\/wp\/v2\/types\/product"}],"replies":[{"embeddable":true,"href":"https:\/\/streetmarkets.fr\/app\/wp-json\/wp\/v2\/comments?post=2852528"}],"wp:featuredmedia":[{"embeddable":true,"href":"https:\/\/streetmarkets.fr\/app\/wp-json\/wp\/v2\/media\/2852529"}],"wp:attachment":[{"href":"https:\/\/streetmarkets.fr\/app\/wp-json\/wp\/v2\/media?parent=2852528"}],"wp:term":[{"taxonomy":"product_brand","embeddable":true,"href":"https:\/\/streetmarkets.fr\/app\/wp-json\/wp\/v2\/product_brand?post=2852528"},{"taxonomy":"product_cat","embeddable":true,"href":"https:\/\/streetmarkets.fr\/app\/wp-json\/wp\/v2\/product_cat?post=2852528"},{"taxonomy":"product_tag","embeddable":true,"href":"https:\/\/streetmarkets.fr\/app\/wp-json\/wp\/v2\/product_tag?post=2852528"}],"curies":[{"name":"wp","href":"https:\/\/api.w.org\/{rel}","templated":true}]}}