{"id":2852504,"date":"2025-10-16T08:53:30","date_gmt":"2025-10-16T06:53:30","guid":{"rendered":"https:\/\/streetmarkets.fr\/app\/produit\/jupe-plissee-en-coton-brode-blanc\/"},"modified":"2026-05-04T08:52:10","modified_gmt":"2026-05-04T06:52:10","slug":"jupe-plissee-en-coton-brode-blanc","status":"publish","type":"product","link":"https:\/\/streetmarkets.fr\/app\/produit\/jupe-plissee-en-coton-brode-blanc\/","title":{"rendered":"Jupe pliss\u00e9e en coton brod\u00e9 &#8211; Blanc"},"content":{"rendered":"<p>Cette jupe volumineuse en coton pliss\u00e9 pr\u00e9sente un joli motif de rosace ajour\u00e9e. La taille peut \u00eatre ajust\u00e9e gr\u00e2ce \u00e0 un la\u00e7age situ\u00e9 au niveau de la ceinture. Sa longueur midi en fait un mod\u00e8le \u00e0 la fois \u00e9l\u00e9gant et confortable.<\/p>\n","protected":false},"excerpt":{"rendered":"<p>Cette jupe volumineuse en coton pliss\u00e9 pr\u00e9sente un joli motif de rosace ajour\u00e9e. La taille peut \u00eatre ajust\u00e9e gr\u00e2ce \u00e0 un la\u00e7age situ\u00e9 au niveau de la ceinture. Sa longueur midi en fait un mod\u00e8le \u00e0 la fois \u00e9l\u00e9gant et confortable.<\/p>\n","protected":false},"featured_media":2852505,"comment_status":"open","ping_status":"closed","template":"","meta":[],"product_brand":[],"product_cat":[1756,1762],"product_tag":[2244,1811],"acf":[],"_links":{"self":[{"href":"https:\/\/streetmarkets.fr\/app\/wp-json\/wp\/v2\/product\/2852504"}],"collection":[{"href":"https:\/\/streetmarkets.fr\/app\/wp-json\/wp\/v2\/product"}],"about":[{"href":"https:\/\/streetmarkets.fr\/app\/wp-json\/wp\/v2\/types\/product"}],"replies":[{"embeddable":true,"href":"https:\/\/streetmarkets.fr\/app\/wp-json\/wp\/v2\/comments?post=2852504"}],"wp:featuredmedia":[{"embeddable":true,"href":"https:\/\/streetmarkets.fr\/app\/wp-json\/wp\/v2\/media\/2852505"}],"wp:attachment":[{"href":"https:\/\/streetmarkets.fr\/app\/wp-json\/wp\/v2\/media?parent=2852504"}],"wp:term":[{"taxonomy":"product_brand","embeddable":true,"href":"https:\/\/streetmarkets.fr\/app\/wp-json\/wp\/v2\/product_brand?post=2852504"},{"taxonomy":"product_cat","embeddable":true,"href":"https:\/\/streetmarkets.fr\/app\/wp-json\/wp\/v2\/product_cat?post=2852504"},{"taxonomy":"product_tag","embeddable":true,"href":"https:\/\/streetmarkets.fr\/app\/wp-json\/wp\/v2\/product_tag?post=2852504"}],"curies":[{"name":"wp","href":"https:\/\/api.w.org\/{rel}","templated":true}]}}