{"id":2852482,"date":"2025-10-16T08:52:55","date_gmt":"2025-10-16T06:52:55","guid":{"rendered":"https:\/\/streetmarkets.fr\/app\/produit\/robe-en-chiffon-a-imprime-et-a-plis-bleu\/"},"modified":"2026-05-14T08:52:34","modified_gmt":"2026-05-14T06:52:34","slug":"robe-en-chiffon-a-imprime-et-a-plis-bleu","status":"publish","type":"product","link":"https:\/\/streetmarkets.fr\/app\/produit\/robe-en-chiffon-a-imprime-et-a-plis-bleu\/","title":{"rendered":"Robe en chiffon \u00e0 imprim\u00e9 et \u00e0 plis &#8211; Bleu"},"content":{"rendered":"<p>Cette robe maxi, tr\u00e8s volumineuse et romantique, est r\u00e9alis\u00e9e en mousseline l\u00e9g\u00e8re avec un imprim\u00e9 repr\u00e9sentant un ciel d&#8217;\u00e9t\u00e9. Elle dispose de bretelles fines ajustables et de bretelles en ruban de soie \u00e0 nouer. Sa taille empire et son smock dans le dos assurent un maintien optimal de la poitrine. Une fermeture \u00e9clair facilite l\u2019enfilage de la robe.<\/p>\n","protected":false},"excerpt":{"rendered":"<p>Cette robe maxi, tr\u00e8s volumineuse et romantique, est r\u00e9alis\u00e9e en mousseline l\u00e9g\u00e8re avec un imprim\u00e9 repr\u00e9sentant un ciel d&#8217;\u00e9t\u00e9. Elle dispose de bretelles fines ajustables et de bretelles en ruban de soie \u00e0 nouer. Sa taille empire et son smock dans le dos assurent un maintien optimal de la poitrine. Une fermeture \u00e9clair facilite l\u2019enfilage [&hellip;]<\/p>\n","protected":false},"featured_media":2852483,"comment_status":"open","ping_status":"closed","template":"","meta":[],"product_brand":[],"product_cat":[1756,1762],"product_tag":[2244],"acf":[],"_links":{"self":[{"href":"https:\/\/streetmarkets.fr\/app\/wp-json\/wp\/v2\/product\/2852482"}],"collection":[{"href":"https:\/\/streetmarkets.fr\/app\/wp-json\/wp\/v2\/product"}],"about":[{"href":"https:\/\/streetmarkets.fr\/app\/wp-json\/wp\/v2\/types\/product"}],"replies":[{"embeddable":true,"href":"https:\/\/streetmarkets.fr\/app\/wp-json\/wp\/v2\/comments?post=2852482"}],"wp:featuredmedia":[{"embeddable":true,"href":"https:\/\/streetmarkets.fr\/app\/wp-json\/wp\/v2\/media\/2852483"}],"wp:attachment":[{"href":"https:\/\/streetmarkets.fr\/app\/wp-json\/wp\/v2\/media?parent=2852482"}],"wp:term":[{"taxonomy":"product_brand","embeddable":true,"href":"https:\/\/streetmarkets.fr\/app\/wp-json\/wp\/v2\/product_brand?post=2852482"},{"taxonomy":"product_cat","embeddable":true,"href":"https:\/\/streetmarkets.fr\/app\/wp-json\/wp\/v2\/product_cat?post=2852482"},{"taxonomy":"product_tag","embeddable":true,"href":"https:\/\/streetmarkets.fr\/app\/wp-json\/wp\/v2\/product_tag?post=2852482"}],"curies":[{"name":"wp","href":"https:\/\/api.w.org\/{rel}","templated":true}]}}