{"id":2852472,"date":"2025-10-16T08:52:54","date_gmt":"2025-10-16T06:52:54","guid":{"rendered":"https:\/\/streetmarkets.fr\/app\/produit\/haut-en-maille-metallisee-a-liens-or\/"},"modified":"2026-05-07T08:52:10","modified_gmt":"2026-05-07T06:52:10","slug":"haut-en-maille-metallisee-a-liens-or","status":"publish","type":"product","link":"https:\/\/streetmarkets.fr\/app\/produit\/haut-en-maille-metallisee-a-liens-or\/","title":{"rendered":"Haut en maille m\u00e9tallis\u00e9e \u00e0 liens &#8211; Or"},"content":{"rendered":"<p>Ce haut dos nu en maille or a une coupe \u00e9vas\u00e9e tout en offrant un bon maintien pour la poitrine. Il dispose de bretelles crois\u00e9es \u00e0 nouer dans le dos. Trois perles en r\u00e9sine sur les bretelles peuvent \u00eatre \u00e9chang\u00e9es selon vos envies. Il se porte en set avec le pantalon assorti.<\/p>\n","protected":false},"excerpt":{"rendered":"<p>Ce haut dos nu en maille or a une coupe \u00e9vas\u00e9e tout en offrant un bon maintien pour la poitrine. Il dispose de bretelles crois\u00e9es \u00e0 nouer dans le dos. Trois perles en r\u00e9sine sur les bretelles peuvent \u00eatre \u00e9chang\u00e9es selon vos envies. Il se porte en set avec le pantalon assorti.<\/p>\n","protected":false},"featured_media":2852473,"comment_status":"open","ping_status":"closed","template":"","meta":[],"product_brand":[],"product_cat":[1756,1762],"product_tag":[2244],"acf":[],"_links":{"self":[{"href":"https:\/\/streetmarkets.fr\/app\/wp-json\/wp\/v2\/product\/2852472"}],"collection":[{"href":"https:\/\/streetmarkets.fr\/app\/wp-json\/wp\/v2\/product"}],"about":[{"href":"https:\/\/streetmarkets.fr\/app\/wp-json\/wp\/v2\/types\/product"}],"replies":[{"embeddable":true,"href":"https:\/\/streetmarkets.fr\/app\/wp-json\/wp\/v2\/comments?post=2852472"}],"wp:featuredmedia":[{"embeddable":true,"href":"https:\/\/streetmarkets.fr\/app\/wp-json\/wp\/v2\/media\/2852473"}],"wp:attachment":[{"href":"https:\/\/streetmarkets.fr\/app\/wp-json\/wp\/v2\/media?parent=2852472"}],"wp:term":[{"taxonomy":"product_brand","embeddable":true,"href":"https:\/\/streetmarkets.fr\/app\/wp-json\/wp\/v2\/product_brand?post=2852472"},{"taxonomy":"product_cat","embeddable":true,"href":"https:\/\/streetmarkets.fr\/app\/wp-json\/wp\/v2\/product_cat?post=2852472"},{"taxonomy":"product_tag","embeddable":true,"href":"https:\/\/streetmarkets.fr\/app\/wp-json\/wp\/v2\/product_tag?post=2852472"}],"curies":[{"name":"wp","href":"https:\/\/api.w.org\/{rel}","templated":true}]}}