{"id":2852453,"date":"2025-10-16T08:52:52","date_gmt":"2025-10-16T06:52:52","guid":{"rendered":"https:\/\/streetmarkets.fr\/app\/produit\/robe-en-maille-dos-nu-avec-des-fleurs-a-crochet-blanc\/"},"modified":"2026-05-07T08:52:10","modified_gmt":"2026-05-07T06:52:10","slug":"robe-en-maille-dos-nu-avec-des-fleurs-a-crochet-blanc","status":"publish","type":"product","link":"https:\/\/streetmarkets.fr\/app\/produit\/robe-en-maille-dos-nu-avec-des-fleurs-a-crochet-blanc\/","title":{"rendered":"Robe en maille dos-nu avec des fleurs \u00e0 crochet &#8211; Blanc"},"content":{"rendered":"<p>Cette robe en maille blanche se noue dans le cou et d\u00e9voile un dos nu plongeant. Des fleurs en crochet, inspir\u00e9es des tulipes rouges, sont fabriqu\u00e9es \u00e0 la main et d\u00e9licatement cousues sur la robe. Les fleurs suivent le mouvement du corps, apportant romantisme et po\u00e9sie au mod\u00e8le.<\/p>\n","protected":false},"excerpt":{"rendered":"<p>Cette robe en maille blanche se noue dans le cou et d\u00e9voile un dos nu plongeant. Des fleurs en crochet, inspir\u00e9es des tulipes rouges, sont fabriqu\u00e9es \u00e0 la main et d\u00e9licatement cousues sur la robe. Les fleurs suivent le mouvement du corps, apportant romantisme et po\u00e9sie au mod\u00e8le.<\/p>\n","protected":false},"featured_media":2852454,"comment_status":"open","ping_status":"closed","template":"","meta":[],"product_brand":[],"product_cat":[1756,1762],"product_tag":[2244],"acf":[],"_links":{"self":[{"href":"https:\/\/streetmarkets.fr\/app\/wp-json\/wp\/v2\/product\/2852453"}],"collection":[{"href":"https:\/\/streetmarkets.fr\/app\/wp-json\/wp\/v2\/product"}],"about":[{"href":"https:\/\/streetmarkets.fr\/app\/wp-json\/wp\/v2\/types\/product"}],"replies":[{"embeddable":true,"href":"https:\/\/streetmarkets.fr\/app\/wp-json\/wp\/v2\/comments?post=2852453"}],"wp:featuredmedia":[{"embeddable":true,"href":"https:\/\/streetmarkets.fr\/app\/wp-json\/wp\/v2\/media\/2852454"}],"wp:attachment":[{"href":"https:\/\/streetmarkets.fr\/app\/wp-json\/wp\/v2\/media?parent=2852453"}],"wp:term":[{"taxonomy":"product_brand","embeddable":true,"href":"https:\/\/streetmarkets.fr\/app\/wp-json\/wp\/v2\/product_brand?post=2852453"},{"taxonomy":"product_cat","embeddable":true,"href":"https:\/\/streetmarkets.fr\/app\/wp-json\/wp\/v2\/product_cat?post=2852453"},{"taxonomy":"product_tag","embeddable":true,"href":"https:\/\/streetmarkets.fr\/app\/wp-json\/wp\/v2\/product_tag?post=2852453"}],"curies":[{"name":"wp","href":"https:\/\/api.w.org\/{rel}","templated":true}]}}