{"id":2852408,"date":"2025-10-16T08:52:49","date_gmt":"2025-10-16T06:52:49","guid":{"rendered":"https:\/\/streetmarkets.fr\/app\/produit\/haut-dos-nu-a-smocks-et-a-volants-vert\/"},"modified":"2026-05-07T08:52:09","modified_gmt":"2026-05-07T06:52:09","slug":"haut-dos-nu-a-smocks-et-a-volants-vert","status":"publish","type":"product","link":"https:\/\/streetmarkets.fr\/app\/produit\/haut-dos-nu-a-smocks-et-a-volants-vert\/","title":{"rendered":"Haut dos nu \u00e0 smocks et \u00e0 volants &#8211; Vert"},"content":{"rendered":"<p>Ce haut licou se noue dans le cou \u00e0 l\u2019aide d\u2019un cordon rond, termin\u00e9 par de petites perles vertes. Le dos nu est ajustable pour garantir un bon maintien. Il est doubl\u00e9 en tulle et confectionn\u00e9 dans un chiffon smock\u00e9 de couleur vert amande. Il peut se porter en ensemble avec la jupe maxi assortie.<\/p>\n","protected":false},"excerpt":{"rendered":"<p>Ce haut licou se noue dans le cou \u00e0 l\u2019aide d\u2019un cordon rond, termin\u00e9 par de petites perles vertes. Le dos nu est ajustable pour garantir un bon maintien. Il est doubl\u00e9 en tulle et confectionn\u00e9 dans un chiffon smock\u00e9 de couleur vert amande. Il peut se porter en ensemble avec la jupe maxi assortie.<\/p>\n","protected":false},"featured_media":2852409,"comment_status":"open","ping_status":"closed","template":"","meta":[],"product_brand":[],"product_cat":[1756,1762],"product_tag":[2244],"acf":[],"_links":{"self":[{"href":"https:\/\/streetmarkets.fr\/app\/wp-json\/wp\/v2\/product\/2852408"}],"collection":[{"href":"https:\/\/streetmarkets.fr\/app\/wp-json\/wp\/v2\/product"}],"about":[{"href":"https:\/\/streetmarkets.fr\/app\/wp-json\/wp\/v2\/types\/product"}],"replies":[{"embeddable":true,"href":"https:\/\/streetmarkets.fr\/app\/wp-json\/wp\/v2\/comments?post=2852408"}],"wp:featuredmedia":[{"embeddable":true,"href":"https:\/\/streetmarkets.fr\/app\/wp-json\/wp\/v2\/media\/2852409"}],"wp:attachment":[{"href":"https:\/\/streetmarkets.fr\/app\/wp-json\/wp\/v2\/media?parent=2852408"}],"wp:term":[{"taxonomy":"product_brand","embeddable":true,"href":"https:\/\/streetmarkets.fr\/app\/wp-json\/wp\/v2\/product_brand?post=2852408"},{"taxonomy":"product_cat","embeddable":true,"href":"https:\/\/streetmarkets.fr\/app\/wp-json\/wp\/v2\/product_cat?post=2852408"},{"taxonomy":"product_tag","embeddable":true,"href":"https:\/\/streetmarkets.fr\/app\/wp-json\/wp\/v2\/product_tag?post=2852408"}],"curies":[{"name":"wp","href":"https:\/\/api.w.org\/{rel}","templated":true}]}}