{"id":2852397,"date":"2025-10-16T08:52:48","date_gmt":"2025-10-16T06:52:48","guid":{"rendered":"https:\/\/streetmarkets.fr\/app\/produit\/robe-en-satin-a-imprime-fleuri-jaune\/"},"modified":"2026-05-07T08:52:09","modified_gmt":"2026-05-07T06:52:09","slug":"robe-en-satin-a-imprime-fleuri-jaune","status":"publish","type":"product","link":"https:\/\/streetmarkets.fr\/app\/produit\/robe-en-satin-a-imprime-fleuri-jaune\/","title":{"rendered":"Robe en satin \u00e0 imprim\u00e9 fleuri &#8211; Jaune"},"content":{"rendered":"<p>\u00c9clatante et \u00e9l\u00e9gante, notre robe en satin \u00e0 imprim\u00e9 fleuri jaune illumine la silhouette avec son tissu fluide et lumineux. Son toucher soyeux et sa coupe flatteuse offrent un confort absolu. Id\u00e9ale pour le printemps, elle allie fra\u00eecheur et f\u00e9minit\u00e9 pour un look raffin\u00e9 et plein de charme.<\/p>\n","protected":false},"excerpt":{"rendered":"<p>\u00c9clatante et \u00e9l\u00e9gante, notre robe en satin \u00e0 imprim\u00e9 fleuri jaune illumine la silhouette avec son tissu fluide et lumineux. Son toucher soyeux et sa coupe flatteuse offrent un confort absolu. Id\u00e9ale pour le printemps, elle allie fra\u00eecheur et f\u00e9minit\u00e9 pour un look raffin\u00e9 et plein de charme.<\/p>\n","protected":false},"featured_media":2852398,"comment_status":"open","ping_status":"closed","template":"","meta":[],"product_brand":[],"product_cat":[1756,1762],"product_tag":[2244],"acf":[],"_links":{"self":[{"href":"https:\/\/streetmarkets.fr\/app\/wp-json\/wp\/v2\/product\/2852397"}],"collection":[{"href":"https:\/\/streetmarkets.fr\/app\/wp-json\/wp\/v2\/product"}],"about":[{"href":"https:\/\/streetmarkets.fr\/app\/wp-json\/wp\/v2\/types\/product"}],"replies":[{"embeddable":true,"href":"https:\/\/streetmarkets.fr\/app\/wp-json\/wp\/v2\/comments?post=2852397"}],"wp:featuredmedia":[{"embeddable":true,"href":"https:\/\/streetmarkets.fr\/app\/wp-json\/wp\/v2\/media\/2852398"}],"wp:attachment":[{"href":"https:\/\/streetmarkets.fr\/app\/wp-json\/wp\/v2\/media?parent=2852397"}],"wp:term":[{"taxonomy":"product_brand","embeddable":true,"href":"https:\/\/streetmarkets.fr\/app\/wp-json\/wp\/v2\/product_brand?post=2852397"},{"taxonomy":"product_cat","embeddable":true,"href":"https:\/\/streetmarkets.fr\/app\/wp-json\/wp\/v2\/product_cat?post=2852397"},{"taxonomy":"product_tag","embeddable":true,"href":"https:\/\/streetmarkets.fr\/app\/wp-json\/wp\/v2\/product_tag?post=2852397"}],"curies":[{"name":"wp","href":"https:\/\/api.w.org\/{rel}","templated":true}]}}