{"id":2852378,"date":"2025-10-16T08:52:47","date_gmt":"2025-10-16T06:52:47","guid":{"rendered":"https:\/\/streetmarkets.fr\/app\/produit\/robe-bustier-en-velours-devore-a-drape-oiseaux\/"},"modified":"2026-05-07T08:52:09","modified_gmt":"2026-05-07T06:52:09","slug":"robe-bustier-en-velours-devore-a-drape-oiseaux","status":"publish","type":"product","link":"https:\/\/streetmarkets.fr\/app\/produit\/robe-bustier-en-velours-devore-a-drape-oiseaux\/","title":{"rendered":"Robe bustier en velours d\u00e9vor\u00e9 \u00e0 drap\u00e9 &#8211; Oiseaux"},"content":{"rendered":"<p>Cette robe bustier en velours d\u00e9vor\u00e9 avec un drap\u00e9 \u00e9l\u00e9gant arbore un motif d\u00e9licat d&#8217;oiseaux, apportant une touche artistique et raffin\u00e9e. Le velours soyeux offre un confort absolu, tandis que le drap\u00e9 ajoute une dimension sophistiqu\u00e9e. Parfaite pour un \u00e9v\u00e9nement chic, elle allie sensualit\u00e9 et finesse.<\/p>\n","protected":false},"excerpt":{"rendered":"<p>Cette robe bustier en velours d\u00e9vor\u00e9 avec un drap\u00e9 \u00e9l\u00e9gant arbore un motif d\u00e9licat d&#8217;oiseaux, apportant une touche artistique et raffin\u00e9e. Le velours soyeux offre un confort absolu, tandis que le drap\u00e9 ajoute une dimension sophistiqu\u00e9e. Parfaite pour un \u00e9v\u00e9nement chic, elle allie sensualit\u00e9 et finesse.<\/p>\n","protected":false},"featured_media":2852379,"comment_status":"open","ping_status":"closed","template":"","meta":[],"product_brand":[],"product_cat":[1756,1762],"product_tag":[2244],"acf":[],"_links":{"self":[{"href":"https:\/\/streetmarkets.fr\/app\/wp-json\/wp\/v2\/product\/2852378"}],"collection":[{"href":"https:\/\/streetmarkets.fr\/app\/wp-json\/wp\/v2\/product"}],"about":[{"href":"https:\/\/streetmarkets.fr\/app\/wp-json\/wp\/v2\/types\/product"}],"replies":[{"embeddable":true,"href":"https:\/\/streetmarkets.fr\/app\/wp-json\/wp\/v2\/comments?post=2852378"}],"wp:featuredmedia":[{"embeddable":true,"href":"https:\/\/streetmarkets.fr\/app\/wp-json\/wp\/v2\/media\/2852379"}],"wp:attachment":[{"href":"https:\/\/streetmarkets.fr\/app\/wp-json\/wp\/v2\/media?parent=2852378"}],"wp:term":[{"taxonomy":"product_brand","embeddable":true,"href":"https:\/\/streetmarkets.fr\/app\/wp-json\/wp\/v2\/product_brand?post=2852378"},{"taxonomy":"product_cat","embeddable":true,"href":"https:\/\/streetmarkets.fr\/app\/wp-json\/wp\/v2\/product_cat?post=2852378"},{"taxonomy":"product_tag","embeddable":true,"href":"https:\/\/streetmarkets.fr\/app\/wp-json\/wp\/v2\/product_tag?post=2852378"}],"curies":[{"name":"wp","href":"https:\/\/api.w.org\/{rel}","templated":true}]}}