{"id":2852359,"date":"2025-10-16T08:52:45","date_gmt":"2025-10-16T06:52:45","guid":{"rendered":"https:\/\/streetmarkets.fr\/app\/produit\/jupe-en-jersey-a-imprime-degrade-prune\/"},"modified":"2026-05-11T08:52:12","modified_gmt":"2026-05-11T06:52:12","slug":"jupe-en-jersey-a-imprime-degrade-prune","status":"publish","type":"product","link":"https:\/\/streetmarkets.fr\/app\/produit\/jupe-en-jersey-a-imprime-degrade-prune\/","title":{"rendered":"Jupe en jersey \u00e0 imprim\u00e9 d\u00e9grad\u00e9 &#8211; Prune"},"content":{"rendered":"<p>Cette jupe en jersey \u00e0 imprim\u00e9 d\u00e9grad\u00e9 prune offre une silhouette fluide et moderne. Son d\u00e9grad\u00e9 de couleurs sublimes apporte une touche d&#8217;\u00e9l\u00e9gance unique. Accompagn\u00e9e de son haut assorti, elle cr\u00e9e une allure harmonieuse et raffin\u00e9e, id\u00e9ale pour un look \u00e0 la fois chic et confortable.<\/p>\n","protected":false},"excerpt":{"rendered":"<p>Cette jupe en jersey \u00e0 imprim\u00e9 d\u00e9grad\u00e9 prune offre une silhouette fluide et moderne. Son d\u00e9grad\u00e9 de couleurs sublimes apporte une touche d&#8217;\u00e9l\u00e9gance unique. Accompagn\u00e9e de son haut assorti, elle cr\u00e9e une allure harmonieuse et raffin\u00e9e, id\u00e9ale pour un look \u00e0 la fois chic et confortable.<\/p>\n","protected":false},"featured_media":2852360,"comment_status":"open","ping_status":"closed","template":"","meta":[],"product_brand":[],"product_cat":[1756,1762],"product_tag":[2244],"acf":[],"_links":{"self":[{"href":"https:\/\/streetmarkets.fr\/app\/wp-json\/wp\/v2\/product\/2852359"}],"collection":[{"href":"https:\/\/streetmarkets.fr\/app\/wp-json\/wp\/v2\/product"}],"about":[{"href":"https:\/\/streetmarkets.fr\/app\/wp-json\/wp\/v2\/types\/product"}],"replies":[{"embeddable":true,"href":"https:\/\/streetmarkets.fr\/app\/wp-json\/wp\/v2\/comments?post=2852359"}],"wp:featuredmedia":[{"embeddable":true,"href":"https:\/\/streetmarkets.fr\/app\/wp-json\/wp\/v2\/media\/2852360"}],"wp:attachment":[{"href":"https:\/\/streetmarkets.fr\/app\/wp-json\/wp\/v2\/media?parent=2852359"}],"wp:term":[{"taxonomy":"product_brand","embeddable":true,"href":"https:\/\/streetmarkets.fr\/app\/wp-json\/wp\/v2\/product_brand?post=2852359"},{"taxonomy":"product_cat","embeddable":true,"href":"https:\/\/streetmarkets.fr\/app\/wp-json\/wp\/v2\/product_cat?post=2852359"},{"taxonomy":"product_tag","embeddable":true,"href":"https:\/\/streetmarkets.fr\/app\/wp-json\/wp\/v2\/product_tag?post=2852359"}],"curies":[{"name":"wp","href":"https:\/\/api.w.org\/{rel}","templated":true}]}}