{"id":2852339,"date":"2025-10-16T08:52:43","date_gmt":"2025-10-16T06:52:43","guid":{"rendered":"https:\/\/streetmarkets.fr\/app\/produit\/robe-epaules-nues-en-maille-a-rayures-noir-et-blanc\/"},"modified":"2026-05-04T08:52:08","modified_gmt":"2026-05-04T06:52:08","slug":"robe-epaules-nues-en-maille-a-rayures-noir-et-blanc","status":"publish","type":"product","link":"https:\/\/streetmarkets.fr\/app\/produit\/robe-epaules-nues-en-maille-a-rayures-noir-et-blanc\/","title":{"rendered":"Robe \u00e9paules nues en maille \u00e0 rayures &#8211; Noir et blanc"},"content":{"rendered":"<p>Cette robe \u00e0 \u00e9paules nues en maille \u00e0 rayures noir et blanc est parfaite pour le printemps. Les rayures contrast\u00e9es ajoutent du dynamisme, tandis que la coupe fluide et \u00e9l\u00e9gante met en valeur la silhouette. Id\u00e9ale pour une tenue l\u00e9g\u00e8re et chic, elle allie confort et style printanier.<\/p>\n","protected":false},"excerpt":{"rendered":"<p>Cette robe \u00e0 \u00e9paules nues en maille \u00e0 rayures noir et blanc est parfaite pour le printemps. Les rayures contrast\u00e9es ajoutent du dynamisme, tandis que la coupe fluide et \u00e9l\u00e9gante met en valeur la silhouette. Id\u00e9ale pour une tenue l\u00e9g\u00e8re et chic, elle allie confort et style printanier.<\/p>\n","protected":false},"featured_media":2852340,"comment_status":"open","ping_status":"closed","template":"","meta":[],"product_brand":[],"product_cat":[1756,1762],"product_tag":[2244],"acf":[],"_links":{"self":[{"href":"https:\/\/streetmarkets.fr\/app\/wp-json\/wp\/v2\/product\/2852339"}],"collection":[{"href":"https:\/\/streetmarkets.fr\/app\/wp-json\/wp\/v2\/product"}],"about":[{"href":"https:\/\/streetmarkets.fr\/app\/wp-json\/wp\/v2\/types\/product"}],"replies":[{"embeddable":true,"href":"https:\/\/streetmarkets.fr\/app\/wp-json\/wp\/v2\/comments?post=2852339"}],"wp:featuredmedia":[{"embeddable":true,"href":"https:\/\/streetmarkets.fr\/app\/wp-json\/wp\/v2\/media\/2852340"}],"wp:attachment":[{"href":"https:\/\/streetmarkets.fr\/app\/wp-json\/wp\/v2\/media?parent=2852339"}],"wp:term":[{"taxonomy":"product_brand","embeddable":true,"href":"https:\/\/streetmarkets.fr\/app\/wp-json\/wp\/v2\/product_brand?post=2852339"},{"taxonomy":"product_cat","embeddable":true,"href":"https:\/\/streetmarkets.fr\/app\/wp-json\/wp\/v2\/product_cat?post=2852339"},{"taxonomy":"product_tag","embeddable":true,"href":"https:\/\/streetmarkets.fr\/app\/wp-json\/wp\/v2\/product_tag?post=2852339"}],"curies":[{"name":"wp","href":"https:\/\/api.w.org\/{rel}","templated":true}]}}