{"id":2852326,"date":"2025-10-16T08:52:42","date_gmt":"2025-10-16T06:52:42","guid":{"rendered":"https:\/\/streetmarkets.fr\/app\/produit\/robe-en-voile-de-coton-et-soie-melangee-a-imprime-fleuri-bleu\/"},"modified":"2026-05-11T08:52:12","modified_gmt":"2026-05-11T06:52:12","slug":"robe-en-voile-de-coton-et-soie-melangee-a-imprime-fleuri-bleu","status":"publish","type":"product","link":"https:\/\/streetmarkets.fr\/app\/produit\/robe-en-voile-de-coton-et-soie-melangee-a-imprime-fleuri-bleu\/","title":{"rendered":"Robe en voile de coton et soie m\u00e9lang\u00e9e \u00e0 imprim\u00e9 fleuri &#8211; Bleu"},"content":{"rendered":"<p>L\u00e9g\u00e8re et raffin\u00e9e, notre robe en voile de coton et soie m\u00e9lang\u00e9e s\u00e9duit par son imprim\u00e9 fleuri bleu, parfait pour le printemps. Son tissu a\u00e9rien offre un confort absolu et un tomb\u00e9 fluide. Id\u00e9ale pour une allure romantique et \u00e9l\u00e9gante, elle sublime chaque silhouette avec douceur et f\u00e9minit\u00e9.<\/p>\n","protected":false},"excerpt":{"rendered":"<p>L\u00e9g\u00e8re et raffin\u00e9e, notre robe en voile de coton et soie m\u00e9lang\u00e9e s\u00e9duit par son imprim\u00e9 fleuri bleu, parfait pour le printemps. Son tissu a\u00e9rien offre un confort absolu et un tomb\u00e9 fluide. Id\u00e9ale pour une allure romantique et \u00e9l\u00e9gante, elle sublime chaque silhouette avec douceur et f\u00e9minit\u00e9.<\/p>\n","protected":false},"featured_media":2852327,"comment_status":"open","ping_status":"closed","template":"","meta":[],"product_brand":[],"product_cat":[1756,1762],"product_tag":[2244],"acf":[],"_links":{"self":[{"href":"https:\/\/streetmarkets.fr\/app\/wp-json\/wp\/v2\/product\/2852326"}],"collection":[{"href":"https:\/\/streetmarkets.fr\/app\/wp-json\/wp\/v2\/product"}],"about":[{"href":"https:\/\/streetmarkets.fr\/app\/wp-json\/wp\/v2\/types\/product"}],"replies":[{"embeddable":true,"href":"https:\/\/streetmarkets.fr\/app\/wp-json\/wp\/v2\/comments?post=2852326"}],"wp:featuredmedia":[{"embeddable":true,"href":"https:\/\/streetmarkets.fr\/app\/wp-json\/wp\/v2\/media\/2852327"}],"wp:attachment":[{"href":"https:\/\/streetmarkets.fr\/app\/wp-json\/wp\/v2\/media?parent=2852326"}],"wp:term":[{"taxonomy":"product_brand","embeddable":true,"href":"https:\/\/streetmarkets.fr\/app\/wp-json\/wp\/v2\/product_brand?post=2852326"},{"taxonomy":"product_cat","embeddable":true,"href":"https:\/\/streetmarkets.fr\/app\/wp-json\/wp\/v2\/product_cat?post=2852326"},{"taxonomy":"product_tag","embeddable":true,"href":"https:\/\/streetmarkets.fr\/app\/wp-json\/wp\/v2\/product_tag?post=2852326"}],"curies":[{"name":"wp","href":"https:\/\/api.w.org\/{rel}","templated":true}]}}