{"id":2852309,"date":"2025-10-16T08:52:40","date_gmt":"2025-10-16T06:52:40","guid":{"rendered":"https:\/\/streetmarkets.fr\/app\/produit\/boucles-doreilles-pyramide-a-marches-acier\/"},"modified":"2026-05-11T08:52:12","modified_gmt":"2026-05-11T06:52:12","slug":"boucles-doreilles-pyramide-a-marches-acier","status":"publish","type":"product","link":"https:\/\/streetmarkets.fr\/app\/produit\/boucles-doreilles-pyramide-a-marches-acier\/","title":{"rendered":"Boucles d&#8217;oreilles Pyramide \u00e0 Marches &#8211; Acier"},"content":{"rendered":"<p>Ajoutez une touche d&#8217;\u00e9l\u00e9gance architecturale \u00e0 votre collection de bijoux avec les boucles d&#8217;oreilles Pyramide \u00e0 Marches. Con\u00e7ues en acier inoxydable , ces boucles d&#8217;oreilles se distinguent par leur design unique en forme de pyramide avec des marches subtilement sculpt\u00e9es. Pour apporter une note sophistiqu\u00e9e \u00e0 votre tenue quotidienne, elles s&#8217;associent harmonieusement \u00e0 tout style.<\/p>\n","protected":false},"excerpt":{"rendered":"<p>Ajoutez une touche d&#8217;\u00e9l\u00e9gance architecturale \u00e0 votre collection de bijoux avec les boucles d&#8217;oreilles Pyramide \u00e0 Marches. Con\u00e7ues en acier inoxydable , ces boucles d&#8217;oreilles se distinguent par leur design unique en forme de pyramide avec des marches subtilement sculpt\u00e9es. Pour apporter une note sophistiqu\u00e9e \u00e0 votre tenue quotidienne, elles s&#8217;associent harmonieusement \u00e0 tout style.<\/p>\n","protected":false},"featured_media":2852310,"comment_status":"open","ping_status":"closed","template":"","meta":[],"product_brand":[],"product_cat":[1807,1756],"product_tag":[2244],"acf":[],"_links":{"self":[{"href":"https:\/\/streetmarkets.fr\/app\/wp-json\/wp\/v2\/product\/2852309"}],"collection":[{"href":"https:\/\/streetmarkets.fr\/app\/wp-json\/wp\/v2\/product"}],"about":[{"href":"https:\/\/streetmarkets.fr\/app\/wp-json\/wp\/v2\/types\/product"}],"replies":[{"embeddable":true,"href":"https:\/\/streetmarkets.fr\/app\/wp-json\/wp\/v2\/comments?post=2852309"}],"wp:featuredmedia":[{"embeddable":true,"href":"https:\/\/streetmarkets.fr\/app\/wp-json\/wp\/v2\/media\/2852310"}],"wp:attachment":[{"href":"https:\/\/streetmarkets.fr\/app\/wp-json\/wp\/v2\/media?parent=2852309"}],"wp:term":[{"taxonomy":"product_brand","embeddable":true,"href":"https:\/\/streetmarkets.fr\/app\/wp-json\/wp\/v2\/product_brand?post=2852309"},{"taxonomy":"product_cat","embeddable":true,"href":"https:\/\/streetmarkets.fr\/app\/wp-json\/wp\/v2\/product_cat?post=2852309"},{"taxonomy":"product_tag","embeddable":true,"href":"https:\/\/streetmarkets.fr\/app\/wp-json\/wp\/v2\/product_tag?post=2852309"}],"curies":[{"name":"wp","href":"https:\/\/api.w.org\/{rel}","templated":true}]}}