{"id":2852248,"date":"2025-10-16T08:52:35","date_gmt":"2025-10-16T06:52:35","guid":{"rendered":"https:\/\/streetmarkets.fr\/app\/produit\/robe-longue-en-tulle-a-paillettes-et-a-fronces-gris\/"},"modified":"2026-04-20T08:51:42","modified_gmt":"2026-04-20T06:51:42","slug":"robe-longue-en-tulle-a-paillettes-et-a-fronces-gris","status":"publish","type":"product","link":"https:\/\/streetmarkets.fr\/app\/produit\/robe-longue-en-tulle-a-paillettes-et-a-fronces-gris\/","title":{"rendered":"Robe longue en tulle \u00e0 paillettes et \u00e0 fronces &#8211; Gris"},"content":{"rendered":"<p>Brillez de mille feux avec cette robe longue en tulle \u00e0 paillettes et \u00e0 fronces. Con\u00e7ue dans un \u00e9l\u00e9gant gris. Les fronces strat\u00e9giquement dispos\u00e9es ajoutent une texture raffin\u00e9e et mettant en valeur la silhouette avec une gr\u00e2ce f\u00e9minine. La coupe longue et fluide cr\u00e9e une allure majestueuse, parfaite pour une soir\u00e9e ou un \u00e9v\u00e9nement sp\u00e9cial.\u00a0<\/p>\n<p>Le tissu est \u00e9lastique, le guide des tailles ci-dessous correspond aux mesures du tissu \u00e0 plat, chaque taille peut s\u2019\u00e9tirer jusqu\u2019\u00e0 12 cm de plus. Nous vous recommandons de prendre votre taille habituelle.<\/p>\n","protected":false},"excerpt":{"rendered":"<p>Brillez de mille feux avec cette robe longue en tulle \u00e0 paillettes et \u00e0 fronces. Con\u00e7ue dans un \u00e9l\u00e9gant gris. Les fronces strat\u00e9giquement dispos\u00e9es ajoutent une texture raffin\u00e9e et mettant en valeur la silhouette avec une gr\u00e2ce f\u00e9minine. La coupe longue et fluide cr\u00e9e une allure majestueuse, parfaite pour une soir\u00e9e ou un \u00e9v\u00e9nement sp\u00e9cial.\u00a0 [&hellip;]<\/p>\n","protected":false},"featured_media":2852249,"comment_status":"open","ping_status":"closed","template":"","meta":[],"product_brand":[],"product_cat":[1756,1762],"product_tag":[2244],"acf":[],"_links":{"self":[{"href":"https:\/\/streetmarkets.fr\/app\/wp-json\/wp\/v2\/product\/2852248"}],"collection":[{"href":"https:\/\/streetmarkets.fr\/app\/wp-json\/wp\/v2\/product"}],"about":[{"href":"https:\/\/streetmarkets.fr\/app\/wp-json\/wp\/v2\/types\/product"}],"replies":[{"embeddable":true,"href":"https:\/\/streetmarkets.fr\/app\/wp-json\/wp\/v2\/comments?post=2852248"}],"wp:featuredmedia":[{"embeddable":true,"href":"https:\/\/streetmarkets.fr\/app\/wp-json\/wp\/v2\/media\/2852249"}],"wp:attachment":[{"href":"https:\/\/streetmarkets.fr\/app\/wp-json\/wp\/v2\/media?parent=2852248"}],"wp:term":[{"taxonomy":"product_brand","embeddable":true,"href":"https:\/\/streetmarkets.fr\/app\/wp-json\/wp\/v2\/product_brand?post=2852248"},{"taxonomy":"product_cat","embeddable":true,"href":"https:\/\/streetmarkets.fr\/app\/wp-json\/wp\/v2\/product_cat?post=2852248"},{"taxonomy":"product_tag","embeddable":true,"href":"https:\/\/streetmarkets.fr\/app\/wp-json\/wp\/v2\/product_tag?post=2852248"}],"curies":[{"name":"wp","href":"https:\/\/api.w.org\/{rel}","templated":true}]}}