{"id":2852187,"date":"2025-10-16T08:51:57","date_gmt":"2025-10-16T06:51:57","guid":{"rendered":"https:\/\/streetmarkets.fr\/app\/produit\/robe-longue-en-velours-devore-leopard-avec-doublure-rose\/"},"modified":"2026-05-14T08:52:07","modified_gmt":"2026-05-14T06:52:07","slug":"robe-longue-en-velours-devore-leopard-avec-doublure-rose","status":"publish","type":"product","link":"https:\/\/streetmarkets.fr\/app\/produit\/robe-longue-en-velours-devore-leopard-avec-doublure-rose\/","title":{"rendered":"Robe longue en velours d\u00e9vor\u00e9 l\u00e9opard avec doublure &#8211; Rose"},"content":{"rendered":"<p><span>Veuillez consulter le guide des tailles et choisir votre taille habituelle.<\/span><\/p>\n<p><span>Cette robe allie l&#8217;audace de l&#8217;imprim\u00e9 l\u00e9opard \u00e0 l&#8217;\u00e9l\u00e9gance du velours d\u00e9vor\u00e9, cr\u00e9ant une pi\u00e8ce unique et raffin\u00e9e. Doubl\u00e9e pour plus de confort et de fluidit\u00e9, elle offre une silhouette flatteuse et gracieuse. Parfaite pour une soir\u00e9e glamour ou un \u00e9v\u00e9nement sp\u00e9cial, cette robe se porte id\u00e9alement avec des talons et des accessoires minimalistes pour un look sophistiqu\u00e9 et inoubliable.<\/span><\/p>\n","protected":false},"excerpt":{"rendered":"<p>Veuillez consulter le guide des tailles et choisir votre taille habituelle. Cette robe allie l&#8217;audace de l&#8217;imprim\u00e9 l\u00e9opard \u00e0 l&#8217;\u00e9l\u00e9gance du velours d\u00e9vor\u00e9, cr\u00e9ant une pi\u00e8ce unique et raffin\u00e9e. Doubl\u00e9e pour plus de confort et de fluidit\u00e9, elle offre une silhouette flatteuse et gracieuse. Parfaite pour une soir\u00e9e glamour ou un \u00e9v\u00e9nement sp\u00e9cial, cette robe [&hellip;]<\/p>\n","protected":false},"featured_media":2852188,"comment_status":"open","ping_status":"closed","template":"","meta":[],"product_brand":[],"product_cat":[1756,1762],"product_tag":[2244],"acf":[],"_links":{"self":[{"href":"https:\/\/streetmarkets.fr\/app\/wp-json\/wp\/v2\/product\/2852187"}],"collection":[{"href":"https:\/\/streetmarkets.fr\/app\/wp-json\/wp\/v2\/product"}],"about":[{"href":"https:\/\/streetmarkets.fr\/app\/wp-json\/wp\/v2\/types\/product"}],"replies":[{"embeddable":true,"href":"https:\/\/streetmarkets.fr\/app\/wp-json\/wp\/v2\/comments?post=2852187"}],"wp:featuredmedia":[{"embeddable":true,"href":"https:\/\/streetmarkets.fr\/app\/wp-json\/wp\/v2\/media\/2852188"}],"wp:attachment":[{"href":"https:\/\/streetmarkets.fr\/app\/wp-json\/wp\/v2\/media?parent=2852187"}],"wp:term":[{"taxonomy":"product_brand","embeddable":true,"href":"https:\/\/streetmarkets.fr\/app\/wp-json\/wp\/v2\/product_brand?post=2852187"},{"taxonomy":"product_cat","embeddable":true,"href":"https:\/\/streetmarkets.fr\/app\/wp-json\/wp\/v2\/product_cat?post=2852187"},{"taxonomy":"product_tag","embeddable":true,"href":"https:\/\/streetmarkets.fr\/app\/wp-json\/wp\/v2\/product_tag?post=2852187"}],"curies":[{"name":"wp","href":"https:\/\/api.w.org\/{rel}","templated":true}]}}