{"id":2852125,"date":"2025-10-16T08:51:53","date_gmt":"2025-10-16T06:51:53","guid":{"rendered":"https:\/\/streetmarkets.fr\/app\/produit\/boucles-doreilles-vintage-perles-plaque-or\/"},"modified":"2026-05-07T08:51:44","modified_gmt":"2026-05-07T06:51:44","slug":"boucles-doreilles-vintage-perles-plaque-or","status":"publish","type":"product","link":"https:\/\/streetmarkets.fr\/app\/produit\/boucles-doreilles-vintage-perles-plaque-or\/","title":{"rendered":"Boucles d&#8217;oreilles vintage perles &#8211; Plaqu\u00e9 or"},"content":{"rendered":"<p>\u00c9l\u00e9gantes et romantiques, ces boucles d&#8217;oreilles\u00a0<span class=\"OYPEnA text-decoration-none text-strikethrough-none\">en acier plaqu\u00e9 or 18 carats<\/span> mettent en valeur des perles scintillantes suspendues \u00e0 des crochets dor\u00e9s. Leur simplicit\u00e9 raffin\u00e9e et leur mouvement gracieux sublimeront toutes vos tenues.<\/p>\n","protected":false},"excerpt":{"rendered":"<p>\u00c9l\u00e9gantes et romantiques, ces boucles d&#8217;oreilles\u00a0en acier plaqu\u00e9 or 18 carats mettent en valeur des perles scintillantes suspendues \u00e0 des crochets dor\u00e9s. Leur simplicit\u00e9 raffin\u00e9e et leur mouvement gracieux sublimeront toutes vos tenues.<\/p>\n","protected":false},"featured_media":2852126,"comment_status":"open","ping_status":"closed","template":"","meta":[],"product_brand":[],"product_cat":[1807,1756],"product_tag":[2244,2122],"acf":[],"_links":{"self":[{"href":"https:\/\/streetmarkets.fr\/app\/wp-json\/wp\/v2\/product\/2852125"}],"collection":[{"href":"https:\/\/streetmarkets.fr\/app\/wp-json\/wp\/v2\/product"}],"about":[{"href":"https:\/\/streetmarkets.fr\/app\/wp-json\/wp\/v2\/types\/product"}],"replies":[{"embeddable":true,"href":"https:\/\/streetmarkets.fr\/app\/wp-json\/wp\/v2\/comments?post=2852125"}],"wp:featuredmedia":[{"embeddable":true,"href":"https:\/\/streetmarkets.fr\/app\/wp-json\/wp\/v2\/media\/2852126"}],"wp:attachment":[{"href":"https:\/\/streetmarkets.fr\/app\/wp-json\/wp\/v2\/media?parent=2852125"}],"wp:term":[{"taxonomy":"product_brand","embeddable":true,"href":"https:\/\/streetmarkets.fr\/app\/wp-json\/wp\/v2\/product_brand?post=2852125"},{"taxonomy":"product_cat","embeddable":true,"href":"https:\/\/streetmarkets.fr\/app\/wp-json\/wp\/v2\/product_cat?post=2852125"},{"taxonomy":"product_tag","embeddable":true,"href":"https:\/\/streetmarkets.fr\/app\/wp-json\/wp\/v2\/product_tag?post=2852125"}],"curies":[{"name":"wp","href":"https:\/\/api.w.org\/{rel}","templated":true}]}}