{"id":2852102,"date":"2025-10-16T08:51:51","date_gmt":"2025-10-16T06:51:51","guid":{"rendered":"https:\/\/streetmarkets.fr\/app\/produit\/corset-plisse-imprime-fleurs\/"},"modified":"2026-04-30T08:51:48","modified_gmt":"2026-04-30T06:51:48","slug":"corset-plisse-imprime-fleurs","status":"publish","type":"product","link":"https:\/\/streetmarkets.fr\/app\/produit\/corset-plisse-imprime-fleurs\/","title":{"rendered":"Corset pliss\u00e9 imprim\u00e9 fleurs"},"content":{"rendered":"<p><span>Pour une tenue estivale sophistiqu\u00e9e, le corset pliss\u00e9 \u00e0 imprim\u00e9 floral est le choix parfait. Dot\u00e9 de lacets en satin crois\u00e9s dans le dos et d&#8217;un tissu pliss\u00e9 qui dessine une forme arrondie sur la poitrine, il incarne l&#8217;\u00e9l\u00e9gance estivale.<\/span><\/p>\n","protected":false},"excerpt":{"rendered":"<p>Pour une tenue estivale sophistiqu\u00e9e, le corset pliss\u00e9 \u00e0 imprim\u00e9 floral est le choix parfait. Dot\u00e9 de lacets en satin crois\u00e9s dans le dos et d&#8217;un tissu pliss\u00e9 qui dessine une forme arrondie sur la poitrine, il incarne l&#8217;\u00e9l\u00e9gance estivale.<\/p>\n","protected":false},"featured_media":2852103,"comment_status":"open","ping_status":"closed","template":"","meta":[],"product_brand":[],"product_cat":[1756,1762],"product_tag":[2244],"acf":[],"_links":{"self":[{"href":"https:\/\/streetmarkets.fr\/app\/wp-json\/wp\/v2\/product\/2852102"}],"collection":[{"href":"https:\/\/streetmarkets.fr\/app\/wp-json\/wp\/v2\/product"}],"about":[{"href":"https:\/\/streetmarkets.fr\/app\/wp-json\/wp\/v2\/types\/product"}],"replies":[{"embeddable":true,"href":"https:\/\/streetmarkets.fr\/app\/wp-json\/wp\/v2\/comments?post=2852102"}],"wp:featuredmedia":[{"embeddable":true,"href":"https:\/\/streetmarkets.fr\/app\/wp-json\/wp\/v2\/media\/2852103"}],"wp:attachment":[{"href":"https:\/\/streetmarkets.fr\/app\/wp-json\/wp\/v2\/media?parent=2852102"}],"wp:term":[{"taxonomy":"product_brand","embeddable":true,"href":"https:\/\/streetmarkets.fr\/app\/wp-json\/wp\/v2\/product_brand?post=2852102"},{"taxonomy":"product_cat","embeddable":true,"href":"https:\/\/streetmarkets.fr\/app\/wp-json\/wp\/v2\/product_cat?post=2852102"},{"taxonomy":"product_tag","embeddable":true,"href":"https:\/\/streetmarkets.fr\/app\/wp-json\/wp\/v2\/product_tag?post=2852102"}],"curies":[{"name":"wp","href":"https:\/\/api.w.org\/{rel}","templated":true}]}}