{"id":2852062,"date":"2025-10-16T08:51:47","date_gmt":"2025-10-16T06:51:47","guid":{"rendered":"https:\/\/streetmarkets.fr\/app\/produit\/robe-longue-evasee-en-soie-imprimee-fleurs\/"},"modified":"2026-05-07T08:51:43","modified_gmt":"2026-05-07T06:51:43","slug":"robe-longue-evasee-en-soie-imprimee-fleurs","status":"publish","type":"product","link":"https:\/\/streetmarkets.fr\/app\/produit\/robe-longue-evasee-en-soie-imprimee-fleurs\/","title":{"rendered":"Robe longue \u00e9vas\u00e9e en soie imprim\u00e9e fleurs"},"content":{"rendered":"<p><span>Cette robe longue \u00e9vas\u00e9e en soie arbore un imprim\u00e9 floral raffin\u00e9, r\u00e9alis\u00e9e en cr\u00eape de pure soie. Sa coupe sir\u00e8ne en biais ajoute une touche sophistiqu\u00e9e, faisant d&#8217;elle la pi\u00e8ce id\u00e9ale pour votre garde-robe estivale. Associez-la \u00e0 des talons neutres pour un look \u00e9l\u00e9gant.<\/span><\/p>\n","protected":false},"excerpt":{"rendered":"<p>Cette robe longue \u00e9vas\u00e9e en soie arbore un imprim\u00e9 floral raffin\u00e9, r\u00e9alis\u00e9e en cr\u00eape de pure soie. Sa coupe sir\u00e8ne en biais ajoute une touche sophistiqu\u00e9e, faisant d&#8217;elle la pi\u00e8ce id\u00e9ale pour votre garde-robe estivale. Associez-la \u00e0 des talons neutres pour un look \u00e9l\u00e9gant.<\/p>\n","protected":false},"featured_media":2852063,"comment_status":"open","ping_status":"closed","template":"","meta":[],"product_brand":[],"product_cat":[1756,1762],"product_tag":[2244],"acf":[],"_links":{"self":[{"href":"https:\/\/streetmarkets.fr\/app\/wp-json\/wp\/v2\/product\/2852062"}],"collection":[{"href":"https:\/\/streetmarkets.fr\/app\/wp-json\/wp\/v2\/product"}],"about":[{"href":"https:\/\/streetmarkets.fr\/app\/wp-json\/wp\/v2\/types\/product"}],"replies":[{"embeddable":true,"href":"https:\/\/streetmarkets.fr\/app\/wp-json\/wp\/v2\/comments?post=2852062"}],"wp:featuredmedia":[{"embeddable":true,"href":"https:\/\/streetmarkets.fr\/app\/wp-json\/wp\/v2\/media\/2852063"}],"wp:attachment":[{"href":"https:\/\/streetmarkets.fr\/app\/wp-json\/wp\/v2\/media?parent=2852062"}],"wp:term":[{"taxonomy":"product_brand","embeddable":true,"href":"https:\/\/streetmarkets.fr\/app\/wp-json\/wp\/v2\/product_brand?post=2852062"},{"taxonomy":"product_cat","embeddable":true,"href":"https:\/\/streetmarkets.fr\/app\/wp-json\/wp\/v2\/product_cat?post=2852062"},{"taxonomy":"product_tag","embeddable":true,"href":"https:\/\/streetmarkets.fr\/app\/wp-json\/wp\/v2\/product_tag?post=2852062"}],"curies":[{"name":"wp","href":"https:\/\/api.w.org\/{rel}","templated":true}]}}