{"id":2852035,"date":"2025-10-16T08:51:45","date_gmt":"2025-10-16T06:51:45","guid":{"rendered":"https:\/\/streetmarkets.fr\/app\/produit\/short-taille-haute-en-jean-avec-broderies-bleu-clair\/"},"modified":"2026-05-07T08:51:43","modified_gmt":"2026-05-07T06:51:43","slug":"short-taille-haute-en-jean-avec-broderies-bleu-clair","status":"publish","type":"product","link":"https:\/\/streetmarkets.fr\/app\/produit\/short-taille-haute-en-jean-avec-broderies-bleu-clair\/","title":{"rendered":"Short taille haute en jean avec broderies &#8211; Bleu clair"},"content":{"rendered":"<p><span>Ce mini-short taille haute en jean, confectionn\u00e9 en pur coton, pr\u00e9sente une silhouette \u00e9vas\u00e9e et a\u00e9rienne avec de charmants d\u00e9tails \u00e0 volants. Finement orn\u00e9 de broderies florales, portez-le avec notre haut en voile de coton et vos sandales pr\u00e9f\u00e9r\u00e9es pour un look chic sans effort.<\/span><\/p>\n","protected":false},"excerpt":{"rendered":"<p>Ce mini-short taille haute en jean, confectionn\u00e9 en pur coton, pr\u00e9sente une silhouette \u00e9vas\u00e9e et a\u00e9rienne avec de charmants d\u00e9tails \u00e0 volants. Finement orn\u00e9 de broderies florales, portez-le avec notre haut en voile de coton et vos sandales pr\u00e9f\u00e9r\u00e9es pour un look chic sans effort.<\/p>\n","protected":false},"featured_media":2852036,"comment_status":"open","ping_status":"closed","template":"","meta":[],"product_brand":[],"product_cat":[1756,1762],"product_tag":[2244],"acf":[],"_links":{"self":[{"href":"https:\/\/streetmarkets.fr\/app\/wp-json\/wp\/v2\/product\/2852035"}],"collection":[{"href":"https:\/\/streetmarkets.fr\/app\/wp-json\/wp\/v2\/product"}],"about":[{"href":"https:\/\/streetmarkets.fr\/app\/wp-json\/wp\/v2\/types\/product"}],"replies":[{"embeddable":true,"href":"https:\/\/streetmarkets.fr\/app\/wp-json\/wp\/v2\/comments?post=2852035"}],"wp:featuredmedia":[{"embeddable":true,"href":"https:\/\/streetmarkets.fr\/app\/wp-json\/wp\/v2\/media\/2852036"}],"wp:attachment":[{"href":"https:\/\/streetmarkets.fr\/app\/wp-json\/wp\/v2\/media?parent=2852035"}],"wp:term":[{"taxonomy":"product_brand","embeddable":true,"href":"https:\/\/streetmarkets.fr\/app\/wp-json\/wp\/v2\/product_brand?post=2852035"},{"taxonomy":"product_cat","embeddable":true,"href":"https:\/\/streetmarkets.fr\/app\/wp-json\/wp\/v2\/product_cat?post=2852035"},{"taxonomy":"product_tag","embeddable":true,"href":"https:\/\/streetmarkets.fr\/app\/wp-json\/wp\/v2\/product_tag?post=2852035"}],"curies":[{"name":"wp","href":"https:\/\/api.w.org\/{rel}","templated":true}]}}