{"id":2852026,"date":"2025-10-16T08:51:44","date_gmt":"2025-10-16T06:51:44","guid":{"rendered":"https:\/\/streetmarkets.fr\/app\/produit\/jupe-midi-en-tulle-imprimee-orchidee\/"},"modified":"2026-05-04T08:51:43","modified_gmt":"2026-05-04T06:51:43","slug":"jupe-midi-en-tulle-imprimee-orchidee","status":"publish","type":"product","link":"https:\/\/streetmarkets.fr\/app\/produit\/jupe-midi-en-tulle-imprimee-orchidee\/","title":{"rendered":"Jupe midi en tulle imprim\u00e9e orchid\u00e9e"},"content":{"rendered":"<p><span>Cette jupe midi en tulle arbore un \u00e9l\u00e9gant motif d&#8217;orchid\u00e9es. Sa coupe droite est dot\u00e9e d&#8217;une bande \u00e9lastique confortable \u00e0 la taille. Portez-la avec le caraco assorti pour un look harmonieux.<\/span><\/p>\n","protected":false},"excerpt":{"rendered":"<p>Cette jupe midi en tulle arbore un \u00e9l\u00e9gant motif d&#8217;orchid\u00e9es. Sa coupe droite est dot\u00e9e d&#8217;une bande \u00e9lastique confortable \u00e0 la taille. Portez-la avec le caraco assorti pour un look harmonieux.<\/p>\n","protected":false},"featured_media":2852027,"comment_status":"open","ping_status":"closed","template":"","meta":[],"product_brand":[],"product_cat":[1756,1762],"product_tag":[2244],"acf":[],"_links":{"self":[{"href":"https:\/\/streetmarkets.fr\/app\/wp-json\/wp\/v2\/product\/2852026"}],"collection":[{"href":"https:\/\/streetmarkets.fr\/app\/wp-json\/wp\/v2\/product"}],"about":[{"href":"https:\/\/streetmarkets.fr\/app\/wp-json\/wp\/v2\/types\/product"}],"replies":[{"embeddable":true,"href":"https:\/\/streetmarkets.fr\/app\/wp-json\/wp\/v2\/comments?post=2852026"}],"wp:featuredmedia":[{"embeddable":true,"href":"https:\/\/streetmarkets.fr\/app\/wp-json\/wp\/v2\/media\/2852027"}],"wp:attachment":[{"href":"https:\/\/streetmarkets.fr\/app\/wp-json\/wp\/v2\/media?parent=2852026"}],"wp:term":[{"taxonomy":"product_brand","embeddable":true,"href":"https:\/\/streetmarkets.fr\/app\/wp-json\/wp\/v2\/product_brand?post=2852026"},{"taxonomy":"product_cat","embeddable":true,"href":"https:\/\/streetmarkets.fr\/app\/wp-json\/wp\/v2\/product_cat?post=2852026"},{"taxonomy":"product_tag","embeddable":true,"href":"https:\/\/streetmarkets.fr\/app\/wp-json\/wp\/v2\/product_tag?post=2852026"}],"curies":[{"name":"wp","href":"https:\/\/api.w.org\/{rel}","templated":true}]}}