{"id":2851935,"date":"2025-10-16T08:51:38","date_gmt":"2025-10-16T06:51:38","guid":{"rendered":"https:\/\/streetmarkets.fr\/app\/produit\/haut-en-mohair-melange-en-crochet-a-fleurs-a-lacet-beige-rose\/"},"modified":"2026-05-07T08:51:42","modified_gmt":"2026-05-07T06:51:42","slug":"haut-en-mohair-melange-en-crochet-a-fleurs-a-lacet-beige-rose","status":"publish","type":"product","link":"https:\/\/streetmarkets.fr\/app\/produit\/haut-en-mohair-melange-en-crochet-a-fleurs-a-lacet-beige-rose\/","title":{"rendered":"Haut en mohair melang\u00e9 en crochet \u00e0 fleurs \u00e0 lacet &#8211; beige ros\u00e9"},"content":{"rendered":"<p><span data-mce-fragment=\"1\">Veuillez consulter le guide des tailles et choisir votre taille habituelle.<\/span><\/p>\n<p><span data-mce-fragment=\"1\">Les fleurs<\/span><span data-mce-fragment=\"1\">\u00a0brod\u00e9es sont d\u00e9licatement dispos\u00e9es le long du col, cr\u00e9ant un d\u00e9grad\u00e9 subtil. Le top se ferme au milieu devant gr\u00e2ce \u00e0 des lacets en mohair, il poss\u00e8de un d\u00e9collet\u00e9 en V plongeant \u00e0 la fois devant et dans le dos. Ce haut en crochet\u00a0beige ros\u00e9 est \u00e0 associer \u00e0 sa jupe assortie, id\u00e9al pour cr\u00e9er un look f\u00e9minin et captivant, parfait pour des occasions sp\u00e9ciales ou des soir\u00e9es romantiques.\u00a0<\/span><\/p>\n","protected":false},"excerpt":{"rendered":"<p>Veuillez consulter le guide des tailles et choisir votre taille habituelle. Les fleurs\u00a0brod\u00e9es sont d\u00e9licatement dispos\u00e9es le long du col, cr\u00e9ant un d\u00e9grad\u00e9 subtil. Le top se ferme au milieu devant gr\u00e2ce \u00e0 des lacets en mohair, il poss\u00e8de un d\u00e9collet\u00e9 en V plongeant \u00e0 la fois devant et dans le dos. Ce haut en [&hellip;]<\/p>\n","protected":false},"featured_media":2851936,"comment_status":"open","ping_status":"closed","template":"","meta":[],"product_brand":[],"product_cat":[1756,1762],"product_tag":[2244],"acf":[],"_links":{"self":[{"href":"https:\/\/streetmarkets.fr\/app\/wp-json\/wp\/v2\/product\/2851935"}],"collection":[{"href":"https:\/\/streetmarkets.fr\/app\/wp-json\/wp\/v2\/product"}],"about":[{"href":"https:\/\/streetmarkets.fr\/app\/wp-json\/wp\/v2\/types\/product"}],"replies":[{"embeddable":true,"href":"https:\/\/streetmarkets.fr\/app\/wp-json\/wp\/v2\/comments?post=2851935"}],"wp:featuredmedia":[{"embeddable":true,"href":"https:\/\/streetmarkets.fr\/app\/wp-json\/wp\/v2\/media\/2851936"}],"wp:attachment":[{"href":"https:\/\/streetmarkets.fr\/app\/wp-json\/wp\/v2\/media?parent=2851935"}],"wp:term":[{"taxonomy":"product_brand","embeddable":true,"href":"https:\/\/streetmarkets.fr\/app\/wp-json\/wp\/v2\/product_brand?post=2851935"},{"taxonomy":"product_cat","embeddable":true,"href":"https:\/\/streetmarkets.fr\/app\/wp-json\/wp\/v2\/product_cat?post=2851935"},{"taxonomy":"product_tag","embeddable":true,"href":"https:\/\/streetmarkets.fr\/app\/wp-json\/wp\/v2\/product_tag?post=2851935"}],"curies":[{"name":"wp","href":"https:\/\/api.w.org\/{rel}","templated":true}]}}