{"id":2841039,"date":"2025-10-15T02:07:24","date_gmt":"2025-10-15T00:07:24","guid":{"rendered":"https:\/\/streetmarkets.fr\/app\/produit\/nouveau-mother-veste-the-bruiser-this-is-how-i-roll-precommande\/"},"modified":"2026-02-02T01:05:31","modified_gmt":"2026-02-02T00:05:31","slug":"nouveau-mother-veste-the-bruiser-this-is-how-i-roll-precommande","status":"publish","type":"product","link":"https:\/\/streetmarkets.fr\/app\/produit\/nouveau-mother-veste-the-bruiser-this-is-how-i-roll-precommande\/","title":{"rendered":"Nouveau ! MOTHER Veste The Bruiser This Is How I Roll PR\u00c9COMMANDE !"},"content":{"rendered":"<p data-rte-preserve-empty=\"true\">PR\u00c9COMMANDE ! <\/p>\n<p data-rte-preserve-empty=\"true\">Veste en jean, coupe ample et droite juste ce qu\u2019il faut, manches longues et poignets resserr\u00e9s, deux poches \u00e0 rabat devant et deux poches lat\u00e9rales. Coton premium souple et confortable. <\/p>\n<p data-rte-preserve-empty=\"true\">D\u00e9tail : 100% coton <\/p>\n","protected":false},"excerpt":{"rendered":"<p>PR\u00c9COMMANDE ! Veste en jean, coupe ample et droite juste ce qu\u2019il faut, manches longues et poignets resserr\u00e9s, deux poches \u00e0 rabat devant et deux poches lat\u00e9rales. Coton premium souple et confortable. D\u00e9tail : 100% coton<\/p>\n","protected":false},"featured_media":2841040,"comment_status":"open","ping_status":"closed","template":"","meta":[],"product_brand":[],"product_cat":[1756,1762],"product_tag":[2244],"acf":[],"_links":{"self":[{"href":"https:\/\/streetmarkets.fr\/app\/wp-json\/wp\/v2\/product\/2841039"}],"collection":[{"href":"https:\/\/streetmarkets.fr\/app\/wp-json\/wp\/v2\/product"}],"about":[{"href":"https:\/\/streetmarkets.fr\/app\/wp-json\/wp\/v2\/types\/product"}],"replies":[{"embeddable":true,"href":"https:\/\/streetmarkets.fr\/app\/wp-json\/wp\/v2\/comments?post=2841039"}],"wp:featuredmedia":[{"embeddable":true,"href":"https:\/\/streetmarkets.fr\/app\/wp-json\/wp\/v2\/media\/2841040"}],"wp:attachment":[{"href":"https:\/\/streetmarkets.fr\/app\/wp-json\/wp\/v2\/media?parent=2841039"}],"wp:term":[{"taxonomy":"product_brand","embeddable":true,"href":"https:\/\/streetmarkets.fr\/app\/wp-json\/wp\/v2\/product_brand?post=2841039"},{"taxonomy":"product_cat","embeddable":true,"href":"https:\/\/streetmarkets.fr\/app\/wp-json\/wp\/v2\/product_cat?post=2841039"},{"taxonomy":"product_tag","embeddable":true,"href":"https:\/\/streetmarkets.fr\/app\/wp-json\/wp\/v2\/product_tag?post=2841039"}],"curies":[{"name":"wp","href":"https:\/\/api.w.org\/{rel}","templated":true}]}}