{"id":2840825,"date":"2025-10-15T01:24:48","date_gmt":"2025-10-14T23:24:48","guid":{"rendered":"https:\/\/streetmarkets.fr\/app\/produit\/echarpe-laine-699-denim-blue\/"},"modified":"2026-04-22T01:17:02","modified_gmt":"2026-04-21T23:17:02","slug":"echarpe-laine-699-denim-blue","status":"publish","type":"product","link":"https:\/\/streetmarkets.fr\/app\/produit\/echarpe-laine-699-denim-blue\/","title":{"rendered":"Echarpe Laine 699 Denim Blue"},"content":{"rendered":"<p><a title=\"Collection Moismont\" href=\"\/collections\/moismont\"><strong>Collection Moismont<\/strong><\/a><\/p>\n<p>Echarpe N\u00b0699 Denim Blue<\/p>\n<div class=\"product-single__description rte\">\n <span> <span>L&#8217;\u00e9charpe N\u00b0699 est un rectangle de 45&#215;180 cm, fait main en 100% laine. Elle arbore des carreaux et une broderie &#8220;M&#8221; rouge<\/span>. Cette \u00e9charpe est parfaite pour vous tenir au chaud et s&#8217;accorder \u00e0 toute tenue, laissez-vous envelopper par sa douceur et son confort.<\/span>\n<\/div>\n<div class=\"product-single__description rte\">\n<span><\/span>\n<\/div>\n<div class=\"product-single__description rte\">45&#215;180 cm<br \/>100% Laine<\/div>\n<div class=\"product-single__description rte\">Dessin\u00e9e en France<br \/>Fabriqu\u00e9e artisanalement en\u00a0Inde<\/p>\n<p>L&#8217;\u00e9charpe peut comporter quelques irr\u00e9gularit\u00e9s qui font tout le charme de sa conception artisanale.<\/p><\/div>\n<div class=\"product-single__description rte\">\n<br \/>Conseils\u00a0d&#8217;entretien :<br \/> <span>La laine est une fibre d\u00e9licate qui demande une attention particuli\u00e8re.<\/span><br \/><span>Pour pr\u00e9server la forme et l\u2019aspect de votre \u00e9charpe :<\/span><br \/><span>&#8211; A\u00e9rez-la apr\u00e8s chaque usage en l\u2019\u00e9tendant \u00e0 plat.<\/span><br \/><span>&#8211; Rangez-la \u00e0 plat pour \u00e9viter les plis.<\/span><br \/><span>&#8211; Le repassage est d\u00e9conseill\u00e9.<\/span>\n<\/div>\n","protected":false},"excerpt":{"rendered":"<p>Collection Moismont Echarpe N\u00b0699 Denim Blue L&#8217;\u00e9charpe N\u00b0699 est un rectangle de 45&#215;180 cm, fait main en 100% laine. Elle arbore des carreaux et une broderie &#8220;M&#8221; rouge. Cette \u00e9charpe est parfaite pour vous tenir au chaud et s&#8217;accorder \u00e0 toute tenue, laissez-vous envelopper par sa douceur et son confort. 45&#215;180 cm100% Laine Dessin\u00e9e en [&hellip;]<\/p>\n","protected":false},"featured_media":2840826,"comment_status":"open","ping_status":"closed","template":"","meta":[],"product_brand":[],"product_cat":[1756,1764],"product_tag":[2244,1811],"acf":[],"_links":{"self":[{"href":"https:\/\/streetmarkets.fr\/app\/wp-json\/wp\/v2\/product\/2840825"}],"collection":[{"href":"https:\/\/streetmarkets.fr\/app\/wp-json\/wp\/v2\/product"}],"about":[{"href":"https:\/\/streetmarkets.fr\/app\/wp-json\/wp\/v2\/types\/product"}],"replies":[{"embeddable":true,"href":"https:\/\/streetmarkets.fr\/app\/wp-json\/wp\/v2\/comments?post=2840825"}],"wp:featuredmedia":[{"embeddable":true,"href":"https:\/\/streetmarkets.fr\/app\/wp-json\/wp\/v2\/media\/2840826"}],"wp:attachment":[{"href":"https:\/\/streetmarkets.fr\/app\/wp-json\/wp\/v2\/media?parent=2840825"}],"wp:term":[{"taxonomy":"product_brand","embeddable":true,"href":"https:\/\/streetmarkets.fr\/app\/wp-json\/wp\/v2\/product_brand?post=2840825"},{"taxonomy":"product_cat","embeddable":true,"href":"https:\/\/streetmarkets.fr\/app\/wp-json\/wp\/v2\/product_cat?post=2840825"},{"taxonomy":"product_tag","embeddable":true,"href":"https:\/\/streetmarkets.fr\/app\/wp-json\/wp\/v2\/product_tag?post=2840825"}],"curies":[{"name":"wp","href":"https:\/\/api.w.org\/{rel}","templated":true}]}}