{"id":2840695,"date":"2025-10-14T08:43:15","date_gmt":"2025-10-14T06:43:15","guid":{"rendered":"https:\/\/streetmarkets.fr\/app\/produit\/boucles-klik-anneaux-sigal\/"},"modified":"2026-04-10T08:39:12","modified_gmt":"2026-04-10T06:39:12","slug":"boucles-klik-anneaux-sigal","status":"publish","type":"product","link":"https:\/\/streetmarkets.fr\/app\/produit\/boucles-klik-anneaux-sigal\/","title":{"rendered":"Boucles KLIK anneaux &#8211; Sigal"},"content":{"rendered":"<p><span>Les boucles d&#8217;oreilles Klik Anneaux sont id\u00e9ales pour celles qui cherchent un bijou statement chic et polyvalent. <\/span><\/p>\n<p><span>Compos\u00e9es d&#8217;une structure en anneaux entrelac\u00e9s, elles forment un motif circulaire moderne et \u00e9l\u00e9gant.<\/span><\/p>\n","protected":false},"excerpt":{"rendered":"<p>Les boucles d&#8217;oreilles Klik Anneaux sont id\u00e9ales pour celles qui cherchent un bijou statement chic et polyvalent. Compos\u00e9es d&#8217;une structure en anneaux entrelac\u00e9s, elles forment un motif circulaire moderne et \u00e9l\u00e9gant.<\/p>\n","protected":false},"featured_media":2840696,"comment_status":"open","ping_status":"closed","template":"","meta":[],"product_brand":[],"product_cat":[1807,1756],"product_tag":[2244],"acf":[],"_links":{"self":[{"href":"https:\/\/streetmarkets.fr\/app\/wp-json\/wp\/v2\/product\/2840695"}],"collection":[{"href":"https:\/\/streetmarkets.fr\/app\/wp-json\/wp\/v2\/product"}],"about":[{"href":"https:\/\/streetmarkets.fr\/app\/wp-json\/wp\/v2\/types\/product"}],"replies":[{"embeddable":true,"href":"https:\/\/streetmarkets.fr\/app\/wp-json\/wp\/v2\/comments?post=2840695"}],"wp:featuredmedia":[{"embeddable":true,"href":"https:\/\/streetmarkets.fr\/app\/wp-json\/wp\/v2\/media\/2840696"}],"wp:attachment":[{"href":"https:\/\/streetmarkets.fr\/app\/wp-json\/wp\/v2\/media?parent=2840695"}],"wp:term":[{"taxonomy":"product_brand","embeddable":true,"href":"https:\/\/streetmarkets.fr\/app\/wp-json\/wp\/v2\/product_brand?post=2840695"},{"taxonomy":"product_cat","embeddable":true,"href":"https:\/\/streetmarkets.fr\/app\/wp-json\/wp\/v2\/product_cat?post=2840695"},{"taxonomy":"product_tag","embeddable":true,"href":"https:\/\/streetmarkets.fr\/app\/wp-json\/wp\/v2\/product_tag?post=2840695"}],"curies":[{"name":"wp","href":"https:\/\/api.w.org\/{rel}","templated":true}]}}