{"id":2835761,"date":"2025-10-14T01:54:48","date_gmt":"2025-10-13T23:54:48","guid":{"rendered":"https:\/\/streetmarkets.fr\/app\/produit\/pull-col-camionneur-a-torsades-h25-femme-smooth-blue\/"},"modified":"2026-01-13T00:49:39","modified_gmt":"2026-01-12T23:49:39","slug":"pull-col-camionneur-a-torsades-h25-femme-smooth-blue","status":"publish","type":"product","link":"https:\/\/streetmarkets.fr\/app\/produit\/pull-col-camionneur-a-torsades-h25-femme-smooth-blue\/","title":{"rendered":"Pull Col Camionneur \u00e0 Torsades (H25 \/ FEMME \/ Smooth Blue)"},"content":{"rendered":"<p>&#8211; Pull en cachemire 6 fils certifi\u00e9 GCS\u00ae Femme<br \/>\n<br \/>&#8211; Col cammioneur<br \/>\n<br \/>&#8211; Torsades<br \/>\n<br \/>&#8211; Manches longues<br \/>\n<br \/>&#8211; Fermeture zipp\u00e9e<br \/>\n<br \/>&#8211; Coupe oversize<br \/>\n<br \/>&#8211; Le Good Cashmere Standard\u00ae (GCS) est une norme ind\u00e9pendante pour un cachemire plus durable et plus responsable. Il vise \u00e0 am\u00e9liorer le bien-\u00eatre des ch\u00e8vres cachemire, les conditions de travail des \u00e9leveurs ainsi qu&#8217;\u00e0 prot\u00e9ger l&#8217;environnement.<\/p>\n","protected":false},"excerpt":{"rendered":"<p>&#8211; Pull en cachemire 6 fils certifi\u00e9 GCS\u00ae Femme &#8211; Col cammioneur &#8211; Torsades &#8211; Manches longues &#8211; Fermeture zipp\u00e9e &#8211; Coupe oversize &#8211; Le Good Cashmere Standard\u00ae (GCS) est une norme ind\u00e9pendante pour un cachemire plus durable et plus responsable. Il vise \u00e0 am\u00e9liorer le bien-\u00eatre des ch\u00e8vres cachemire, les conditions de travail des [&hellip;]<\/p>\n","protected":false},"featured_media":2835762,"comment_status":"open","ping_status":"closed","template":"","meta":[],"product_brand":[6868],"product_cat":[1756,1762],"product_tag":[2244],"acf":[],"_links":{"self":[{"href":"https:\/\/streetmarkets.fr\/app\/wp-json\/wp\/v2\/product\/2835761"}],"collection":[{"href":"https:\/\/streetmarkets.fr\/app\/wp-json\/wp\/v2\/product"}],"about":[{"href":"https:\/\/streetmarkets.fr\/app\/wp-json\/wp\/v2\/types\/product"}],"replies":[{"embeddable":true,"href":"https:\/\/streetmarkets.fr\/app\/wp-json\/wp\/v2\/comments?post=2835761"}],"wp:featuredmedia":[{"embeddable":true,"href":"https:\/\/streetmarkets.fr\/app\/wp-json\/wp\/v2\/media\/2835762"}],"wp:attachment":[{"href":"https:\/\/streetmarkets.fr\/app\/wp-json\/wp\/v2\/media?parent=2835761"}],"wp:term":[{"taxonomy":"product_brand","embeddable":true,"href":"https:\/\/streetmarkets.fr\/app\/wp-json\/wp\/v2\/product_brand?post=2835761"},{"taxonomy":"product_cat","embeddable":true,"href":"https:\/\/streetmarkets.fr\/app\/wp-json\/wp\/v2\/product_cat?post=2835761"},{"taxonomy":"product_tag","embeddable":true,"href":"https:\/\/streetmarkets.fr\/app\/wp-json\/wp\/v2\/product_tag?post=2835761"}],"curies":[{"name":"wp","href":"https:\/\/api.w.org\/{rel}","templated":true}]}}