{"id":2835722,"date":"2025-10-14T01:54:08","date_gmt":"2025-10-13T23:54:08","guid":{"rendered":"https:\/\/streetmarkets.fr\/app\/produit\/pull-col-montant-a-torsades-h25-femme-creamy-yellow\/"},"modified":"2026-02-02T00:55:04","modified_gmt":"2026-02-01T23:55:04","slug":"pull-col-montant-a-torsades-h25-femme-creamy-yellow","status":"publish","type":"product","link":"https:\/\/streetmarkets.fr\/app\/produit\/pull-col-montant-a-torsades-h25-femme-creamy-yellow\/","title":{"rendered":"Pull Col Roul\u00e9 \u00e0 Torsades (H25 \/ FEMME \/ Creamy Yellow)"},"content":{"rendered":"<p>&#8211; Pull en cachemire 6 fils certifi\u00e9 GCS\u00ae Femme<br \/>\n<br \/>&#8211; Col roul\u00e9<br \/>\n<br \/>&#8211; Torsades<br \/>\n<br \/>&#8211; Manches longues<br \/>\n<br \/>&#8211; Coupe oversize<br \/>\n<br \/>&#8211; Le Good Cashmere Standard\u00ae (GCS) est une norme ind\u00e9pendante pour un cachemire plus durable et plus responsable. Il vise \u00e0 am\u00e9liorer le bien-\u00eatre des ch\u00e8vres cachemire, les conditions de travail des \u00e9leveurs ainsi qu&#8217;\u00e0 prot\u00e9ger l&#8217;environnement.<\/p>\n","protected":false},"excerpt":{"rendered":"<p>&#8211; Pull en cachemire 6 fils certifi\u00e9 GCS\u00ae Femme &#8211; Col roul\u00e9 &#8211; Torsades &#8211; Manches longues &#8211; Coupe oversize &#8211; Le Good Cashmere Standard\u00ae (GCS) est une norme ind\u00e9pendante pour un cachemire plus durable et plus responsable. Il vise \u00e0 am\u00e9liorer le bien-\u00eatre des ch\u00e8vres cachemire, les conditions de travail des \u00e9leveurs ainsi qu&#8217;\u00e0 [&hellip;]<\/p>\n","protected":false},"featured_media":2835723,"comment_status":"open","ping_status":"closed","template":"","meta":[],"product_brand":[6868],"product_cat":[1756,1762],"product_tag":[2244],"acf":[],"_links":{"self":[{"href":"https:\/\/streetmarkets.fr\/app\/wp-json\/wp\/v2\/product\/2835722"}],"collection":[{"href":"https:\/\/streetmarkets.fr\/app\/wp-json\/wp\/v2\/product"}],"about":[{"href":"https:\/\/streetmarkets.fr\/app\/wp-json\/wp\/v2\/types\/product"}],"replies":[{"embeddable":true,"href":"https:\/\/streetmarkets.fr\/app\/wp-json\/wp\/v2\/comments?post=2835722"}],"wp:featuredmedia":[{"embeddable":true,"href":"https:\/\/streetmarkets.fr\/app\/wp-json\/wp\/v2\/media\/2835723"}],"wp:attachment":[{"href":"https:\/\/streetmarkets.fr\/app\/wp-json\/wp\/v2\/media?parent=2835722"}],"wp:term":[{"taxonomy":"product_brand","embeddable":true,"href":"https:\/\/streetmarkets.fr\/app\/wp-json\/wp\/v2\/product_brand?post=2835722"},{"taxonomy":"product_cat","embeddable":true,"href":"https:\/\/streetmarkets.fr\/app\/wp-json\/wp\/v2\/product_cat?post=2835722"},{"taxonomy":"product_tag","embeddable":true,"href":"https:\/\/streetmarkets.fr\/app\/wp-json\/wp\/v2\/product_tag?post=2835722"}],"curies":[{"name":"wp","href":"https:\/\/api.w.org\/{rel}","templated":true}]}}