{"id":2835649,"date":"2025-10-14T01:53:58","date_gmt":"2025-10-13T23:53:58","guid":{"rendered":"https:\/\/streetmarkets.fr\/app\/produit\/pull-col-roule-coeur-h25-femme-navy\/"},"modified":"2025-12-29T00:59:24","modified_gmt":"2025-12-28T23:59:24","slug":"pull-col-roule-coeur-h25-femme-navy","status":"publish","type":"product","link":"https:\/\/streetmarkets.fr\/app\/produit\/pull-col-roule-coeur-h25-femme-navy\/","title":{"rendered":"Pull Col Roul\u00e9 Coeur (H25 \/ FEMME \/ Navy)"},"content":{"rendered":"<p>Illumin\u00e9 par la couleur phare de la saison, ce pull en cachemire se pare d&#8217;un c\u0153ur et de bandes contrast\u00e9es. R\u00e9hauss\u00e9 d&#8217;un col roul\u00e9 et de manches longues, il vient r\u00e9chauffer votre allure avec audace. Associez-le \u00e0 un pantalon fluide et des sneakers pour un look chic et casual.<\/p>\n<p>&#8211; Pull en cachemire certifi\u00e9 GCS\u00ae Femme<br \/>\n<br \/>&#8211; C\u0153ur<br \/>\n<br \/>&#8211; Bandes contrast\u00e9es<br \/>\n<br \/>&#8211; Col roul\u00e9<br \/>\n<br \/>&#8211; Bords c\u00f4tel\u00e9s<br \/>\n<br \/>&#8211; Manches longues<br \/>\n<br \/>&#8211; Coupe regular<br \/>\n<br \/>&#8211; Le Good Cashmere Standard\u00ae (GCS) est une norme ind\u00e9pendante pour un cachemire plus durable et plus responsable. Il vise \u00e0 am\u00e9liorer le bien-\u00eatre des ch\u00e8vres cachemire, les conditions de travail des \u00e9leveurs ainsi qu&#8217;\u00e0 prot\u00e9ger l&#8217;environnement.<br \/>&#8211; <u>Cachemire 4 fils<\/u> <\/p>\n","protected":false},"excerpt":{"rendered":"<p>Illumin\u00e9 par la couleur phare de la saison, ce pull en cachemire se pare d&#8217;un c\u0153ur et de bandes contrast\u00e9es. R\u00e9hauss\u00e9 d&#8217;un col roul\u00e9 et de manches longues, il vient r\u00e9chauffer votre allure avec audace. Associez-le \u00e0 un pantalon fluide et des sneakers pour un look chic et casual. &#8211; Pull en cachemire certifi\u00e9 GCS\u00ae [&hellip;]<\/p>\n","protected":false},"featured_media":2835650,"comment_status":"open","ping_status":"closed","template":"","meta":[],"product_brand":[6868],"product_cat":[1756,1762],"product_tag":[2244],"acf":[],"_links":{"self":[{"href":"https:\/\/streetmarkets.fr\/app\/wp-json\/wp\/v2\/product\/2835649"}],"collection":[{"href":"https:\/\/streetmarkets.fr\/app\/wp-json\/wp\/v2\/product"}],"about":[{"href":"https:\/\/streetmarkets.fr\/app\/wp-json\/wp\/v2\/types\/product"}],"replies":[{"embeddable":true,"href":"https:\/\/streetmarkets.fr\/app\/wp-json\/wp\/v2\/comments?post=2835649"}],"wp:featuredmedia":[{"embeddable":true,"href":"https:\/\/streetmarkets.fr\/app\/wp-json\/wp\/v2\/media\/2835650"}],"wp:attachment":[{"href":"https:\/\/streetmarkets.fr\/app\/wp-json\/wp\/v2\/media?parent=2835649"}],"wp:term":[{"taxonomy":"product_brand","embeddable":true,"href":"https:\/\/streetmarkets.fr\/app\/wp-json\/wp\/v2\/product_brand?post=2835649"},{"taxonomy":"product_cat","embeddable":true,"href":"https:\/\/streetmarkets.fr\/app\/wp-json\/wp\/v2\/product_cat?post=2835649"},{"taxonomy":"product_tag","embeddable":true,"href":"https:\/\/streetmarkets.fr\/app\/wp-json\/wp\/v2\/product_tag?post=2835649"}],"curies":[{"name":"wp","href":"https:\/\/api.w.org\/{rel}","templated":true}]}}