{"id":2835530,"date":"2025-10-14T01:53:43","date_gmt":"2025-10-13T23:53:43","guid":{"rendered":"https:\/\/streetmarkets.fr\/app\/produit\/pull-col-rond-bandes-multicolores-h25-homme-crown-blue\/"},"modified":"2026-01-07T00:54:51","modified_gmt":"2026-01-06T23:54:51","slug":"pull-col-rond-bandes-multicolores-h25-homme-crown-blue","status":"publish","type":"product","link":"https:\/\/streetmarkets.fr\/app\/produit\/pull-col-rond-bandes-multicolores-h25-homme-crown-blue\/","title":{"rendered":"Pull Col Rond Bandes Multicolores (H25 \/ HOMME \/ Crown Blue)"},"content":{"rendered":"<p>Une maille douce en cachemire 2 fils s&#8217;invite sur ce pull muni d&#8217;un col rond. Alliant confort et douceur, des bandes multicolores se d\u00e9voilent le long des manches, le d\u00e9tail signature de l&#8217;allure From Future. Pour une silhouette pleine d&#8217;audace, twistez-le avec un jean d\u00e9contract\u00e9 ou un jogging.<\/p>\n<p>&#8211; Pull en cachemire 2 fils certifi\u00e9 GCS\u00ae Homme<br \/>\n<br \/>&#8211; Bandes multicolores<br \/>\n<br \/>&#8211; Col rond<br \/>\n<br \/>&#8211; Manches longues<br \/>\n<br \/>&#8211; Bords c\u00f4tel\u00e9s<br \/>\n<br \/>&#8211; Coupe regular<br \/>\n<br \/>&#8211; Le Good Cashmere Standard\u00ae (GCS) est une norme ind\u00e9pendante pour un cachemire plus durable et plus responsable. Il vise \u00e0 am\u00e9liorer le bien-\u00eatre des ch\u00e8vres cachemire, les conditions de travail des \u00e9leveurs ainsi qu&#8217;\u00e0 prot\u00e9ger l&#8217;environnement.<\/p>\n","protected":false},"excerpt":{"rendered":"<p>Une maille douce en cachemire 2 fils s&#8217;invite sur ce pull muni d&#8217;un col rond. Alliant confort et douceur, des bandes multicolores se d\u00e9voilent le long des manches, le d\u00e9tail signature de l&#8217;allure From Future. Pour une silhouette pleine d&#8217;audace, twistez-le avec un jean d\u00e9contract\u00e9 ou un jogging. &#8211; Pull en cachemire 2 fils certifi\u00e9 [&hellip;]<\/p>\n","protected":false},"featured_media":2835531,"comment_status":"open","ping_status":"closed","template":"","meta":[],"product_brand":[6868],"product_cat":[1756,1758],"product_tag":[2244],"acf":[],"_links":{"self":[{"href":"https:\/\/streetmarkets.fr\/app\/wp-json\/wp\/v2\/product\/2835530"}],"collection":[{"href":"https:\/\/streetmarkets.fr\/app\/wp-json\/wp\/v2\/product"}],"about":[{"href":"https:\/\/streetmarkets.fr\/app\/wp-json\/wp\/v2\/types\/product"}],"replies":[{"embeddable":true,"href":"https:\/\/streetmarkets.fr\/app\/wp-json\/wp\/v2\/comments?post=2835530"}],"wp:featuredmedia":[{"embeddable":true,"href":"https:\/\/streetmarkets.fr\/app\/wp-json\/wp\/v2\/media\/2835531"}],"wp:attachment":[{"href":"https:\/\/streetmarkets.fr\/app\/wp-json\/wp\/v2\/media?parent=2835530"}],"wp:term":[{"taxonomy":"product_brand","embeddable":true,"href":"https:\/\/streetmarkets.fr\/app\/wp-json\/wp\/v2\/product_brand?post=2835530"},{"taxonomy":"product_cat","embeddable":true,"href":"https:\/\/streetmarkets.fr\/app\/wp-json\/wp\/v2\/product_cat?post=2835530"},{"taxonomy":"product_tag","embeddable":true,"href":"https:\/\/streetmarkets.fr\/app\/wp-json\/wp\/v2\/product_tag?post=2835530"}],"curies":[{"name":"wp","href":"https:\/\/api.w.org\/{rel}","templated":true}]}}