{"id":2835497,"date":"2025-10-14T01:53:39","date_gmt":"2025-10-13T23:53:39","guid":{"rendered":"https:\/\/streetmarkets.fr\/app\/produit\/pull-col-rond-coeur-h25-homme-noir\/"},"modified":"2026-05-04T01:53:27","modified_gmt":"2026-05-03T23:53:27","slug":"pull-col-rond-coeur-h25-homme-noir","status":"publish","type":"product","link":"https:\/\/streetmarkets.fr\/app\/produit\/pull-col-rond-coeur-h25-homme-noir\/","title":{"rendered":"Pull Col Rond Coeur (H25 \/ HOMME \/ Noir)"},"content":{"rendered":"<p>Muni d&#8217;un col rond, de manches longues et de bords c\u00f4tel\u00e9s, ce pull en cachemire 2 fils infiniment doux d\u00e9voile un c\u0153ur brod\u00e9 &#8220;FUTURE&#8221; sur la poitrine. Rejoignez le Club avec cet essentiel du vestiaire From Future ! <\/p>\n<p>&#8211; Pull en cachemire 2 fils certifi\u00e9 GCS\u00ae Homme<br \/>\n<br \/>&#8211; Col rond<br \/>\n<br \/>&#8211; Manches longues<br \/>\n<br \/>&#8211; Intarsia c\u0153ur brod\u00e9 &#8220;FUTURE&#8221; sur la poitrine<br \/>\n<br \/>&#8211; Coupe regular<br \/>\n<br \/>&#8211; Le Good Cashmere Standard\u00ae (GCS) est une norme ind\u00e9pendante pour un cachemire plus durable et plus responsable. Il vise \u00e0 am\u00e9liorer le bien-\u00eatre des ch\u00e8vres cachemire, les conditions de travail des \u00e9leveurs ainsi qu&#8217;\u00e0 prot\u00e9ger l&#8217;environnement.<\/p>\n","protected":false},"excerpt":{"rendered":"<p>Muni d&#8217;un col rond, de manches longues et de bords c\u00f4tel\u00e9s, ce pull en cachemire 2 fils infiniment doux d\u00e9voile un c\u0153ur brod\u00e9 &#8220;FUTURE&#8221; sur la poitrine. Rejoignez le Club avec cet essentiel du vestiaire From Future ! &#8211; Pull en cachemire 2 fils certifi\u00e9 GCS\u00ae Homme &#8211; Col rond &#8211; Manches longues &#8211; Intarsia [&hellip;]<\/p>\n","protected":false},"featured_media":2835498,"comment_status":"open","ping_status":"closed","template":"","meta":[],"product_brand":[6868],"product_cat":[1756,1758],"product_tag":[2244],"acf":[],"_links":{"self":[{"href":"https:\/\/streetmarkets.fr\/app\/wp-json\/wp\/v2\/product\/2835497"}],"collection":[{"href":"https:\/\/streetmarkets.fr\/app\/wp-json\/wp\/v2\/product"}],"about":[{"href":"https:\/\/streetmarkets.fr\/app\/wp-json\/wp\/v2\/types\/product"}],"replies":[{"embeddable":true,"href":"https:\/\/streetmarkets.fr\/app\/wp-json\/wp\/v2\/comments?post=2835497"}],"wp:featuredmedia":[{"embeddable":true,"href":"https:\/\/streetmarkets.fr\/app\/wp-json\/wp\/v2\/media\/2835498"}],"wp:attachment":[{"href":"https:\/\/streetmarkets.fr\/app\/wp-json\/wp\/v2\/media?parent=2835497"}],"wp:term":[{"taxonomy":"product_brand","embeddable":true,"href":"https:\/\/streetmarkets.fr\/app\/wp-json\/wp\/v2\/product_brand?post=2835497"},{"taxonomy":"product_cat","embeddable":true,"href":"https:\/\/streetmarkets.fr\/app\/wp-json\/wp\/v2\/product_cat?post=2835497"},{"taxonomy":"product_tag","embeddable":true,"href":"https:\/\/streetmarkets.fr\/app\/wp-json\/wp\/v2\/product_tag?post=2835497"}],"curies":[{"name":"wp","href":"https:\/\/api.w.org\/{rel}","templated":true}]}}