{"id":2835465,"date":"2025-10-14T01:53:36","date_gmt":"2025-10-13T23:53:36","guid":{"rendered":"https:\/\/streetmarkets.fr\/app\/produit\/pull-col-roule-torsades-h25-homme-smooth-blue\/"},"modified":"2026-02-01T00:53:21","modified_gmt":"2026-01-31T23:53:21","slug":"pull-col-roule-torsades-h25-homme-smooth-blue","status":"publish","type":"product","link":"https:\/\/streetmarkets.fr\/app\/produit\/pull-col-roule-torsades-h25-homme-smooth-blue\/","title":{"rendered":"Pull Col Roul\u00e9 Torsades (H25 \/ HOMME \/ Smooth Blue)"},"content":{"rendered":"<p>Confectionn\u00e9 en cachemire, ce pull se distingue par un d\u00e9licat jeu de torsades. Muni d&#8217;un col roul\u00e9, de manches longues et bords c\u00f4tel\u00e9s, il conf\u00e8re une silhouette \u00e9l\u00e9gante et intemporelle. Structurez votre silhouette en l&#8217;associant \u00e0 un pantalon droit et des sneakers.<\/p>\n<p>&#8211; Pull en cachemire certifi\u00e9 GCS\u00ae Homme<br \/>\n<br \/>&#8211; Torsades<br \/>\n<br \/>&#8211; Col roul\u00e9<br \/>\n<br \/>&#8211; Manches longues<br \/>\n<br \/>&#8211; Bords c\u00f4tel\u00e9s<br \/>\n<br \/>&#8211; Coupe regular<br \/>\n<br \/>&#8211; Le Good Cashmere Standard\u00ae (GCS) est une norme ind\u00e9pendante pour un cachemire plus durable et plus responsable. Il vise \u00e0 am\u00e9liorer le bien-\u00eatre des ch\u00e8vres cachemire, les conditions de travail des \u00e9leveurs ainsi qu&#8217;\u00e0 prot\u00e9ger l&#8217;environnement.<br \/>&#8211; <u>Cachemire 6 fils<\/u> <\/p>\n","protected":false},"excerpt":{"rendered":"<p>Confectionn\u00e9 en cachemire, ce pull se distingue par un d\u00e9licat jeu de torsades. Muni d&#8217;un col roul\u00e9, de manches longues et bords c\u00f4tel\u00e9s, il conf\u00e8re une silhouette \u00e9l\u00e9gante et intemporelle. Structurez votre silhouette en l&#8217;associant \u00e0 un pantalon droit et des sneakers. &#8211; Pull en cachemire certifi\u00e9 GCS\u00ae Homme &#8211; Torsades &#8211; Col roul\u00e9 &#8211; [&hellip;]<\/p>\n","protected":false},"featured_media":2835466,"comment_status":"open","ping_status":"closed","template":"","meta":[],"product_brand":[6868],"product_cat":[1756,1758],"product_tag":[2244],"acf":[],"_links":{"self":[{"href":"https:\/\/streetmarkets.fr\/app\/wp-json\/wp\/v2\/product\/2835465"}],"collection":[{"href":"https:\/\/streetmarkets.fr\/app\/wp-json\/wp\/v2\/product"}],"about":[{"href":"https:\/\/streetmarkets.fr\/app\/wp-json\/wp\/v2\/types\/product"}],"replies":[{"embeddable":true,"href":"https:\/\/streetmarkets.fr\/app\/wp-json\/wp\/v2\/comments?post=2835465"}],"wp:featuredmedia":[{"embeddable":true,"href":"https:\/\/streetmarkets.fr\/app\/wp-json\/wp\/v2\/media\/2835466"}],"wp:attachment":[{"href":"https:\/\/streetmarkets.fr\/app\/wp-json\/wp\/v2\/media?parent=2835465"}],"wp:term":[{"taxonomy":"product_brand","embeddable":true,"href":"https:\/\/streetmarkets.fr\/app\/wp-json\/wp\/v2\/product_brand?post=2835465"},{"taxonomy":"product_cat","embeddable":true,"href":"https:\/\/streetmarkets.fr\/app\/wp-json\/wp\/v2\/product_cat?post=2835465"},{"taxonomy":"product_tag","embeddable":true,"href":"https:\/\/streetmarkets.fr\/app\/wp-json\/wp\/v2\/product_tag?post=2835465"}],"curies":[{"name":"wp","href":"https:\/\/api.w.org\/{rel}","templated":true}]}}