{"id":2835388,"date":"2025-10-14T01:53:00","date_gmt":"2025-10-13T23:53:00","guid":{"rendered":"https:\/\/streetmarkets.fr\/app\/produit\/mitaines-longues-a-cotes-h25-accessoires-cosmic-pink\/"},"modified":"2025-11-23T00:53:18","modified_gmt":"2025-11-22T23:53:18","slug":"mitaines-longues-a-cotes-h25-accessoires-cosmic-pink","status":"publish","type":"product","link":"https:\/\/streetmarkets.fr\/app\/produit\/mitaines-longues-a-cotes-h25-accessoires-cosmic-pink\/","title":{"rendered":"Mitaines Longues \u00e0 C\u00f4tes (H25 \/ ACCESSOIRES \/ Cosmic Pink)"},"content":{"rendered":"<p>Confectionn\u00e9es en cachemire, ces mitaines longues r\u00e9chauffent vos silhouettes de saison en douceur. Ajust\u00e9es aux poignets, elles se d\u00e9clinent dans un colorama in\u00e9dit pour parfaire votre look avec une \u00e9l\u00e9gance intemporelle.<\/p>\n<p>&#8211; Mitaines longues en cachemire 2 fils certifi\u00e9 GCS\u00ae <br \/>&#8211; C\u00f4tel\u00e9es <br \/>&#8211; Ajust\u00e9es aux poignets <br \/>&#8211; Coupe regular <br \/>&#8211; Le Good Cashmere Standard\u00ae (GCS) est une norme ind\u00e9pendante pour un cachemire plus durable et plus responsable. Il vise \u00e0 am\u00e9liorer le bien-\u00eatre des ch\u00e8vres cachemire, les conditions de travail des \u00e9leveurs ainsi qu&#8217;\u00e0 prot\u00e9ger l&#8217;environnement.<\/p>\n","protected":false},"excerpt":{"rendered":"<p>Confectionn\u00e9es en cachemire, ces mitaines longues r\u00e9chauffent vos silhouettes de saison en douceur. Ajust\u00e9es aux poignets, elles se d\u00e9clinent dans un colorama in\u00e9dit pour parfaire votre look avec une \u00e9l\u00e9gance intemporelle. &#8211; Mitaines longues en cachemire 2 fils certifi\u00e9 GCS\u00ae &#8211; C\u00f4tel\u00e9es &#8211; Ajust\u00e9es aux poignets &#8211; Coupe regular &#8211; Le Good Cashmere Standard\u00ae (GCS) [&hellip;]<\/p>\n","protected":false},"featured_media":2835389,"comment_status":"open","ping_status":"closed","template":"","meta":[],"product_brand":[6868],"product_cat":[1756,1764],"product_tag":[2244],"acf":[],"_links":{"self":[{"href":"https:\/\/streetmarkets.fr\/app\/wp-json\/wp\/v2\/product\/2835388"}],"collection":[{"href":"https:\/\/streetmarkets.fr\/app\/wp-json\/wp\/v2\/product"}],"about":[{"href":"https:\/\/streetmarkets.fr\/app\/wp-json\/wp\/v2\/types\/product"}],"replies":[{"embeddable":true,"href":"https:\/\/streetmarkets.fr\/app\/wp-json\/wp\/v2\/comments?post=2835388"}],"wp:featuredmedia":[{"embeddable":true,"href":"https:\/\/streetmarkets.fr\/app\/wp-json\/wp\/v2\/media\/2835389"}],"wp:attachment":[{"href":"https:\/\/streetmarkets.fr\/app\/wp-json\/wp\/v2\/media?parent=2835388"}],"wp:term":[{"taxonomy":"product_brand","embeddable":true,"href":"https:\/\/streetmarkets.fr\/app\/wp-json\/wp\/v2\/product_brand?post=2835388"},{"taxonomy":"product_cat","embeddable":true,"href":"https:\/\/streetmarkets.fr\/app\/wp-json\/wp\/v2\/product_cat?post=2835388"},{"taxonomy":"product_tag","embeddable":true,"href":"https:\/\/streetmarkets.fr\/app\/wp-json\/wp\/v2\/product_tag?post=2835388"}],"curies":[{"name":"wp","href":"https:\/\/api.w.org\/{rel}","templated":true}]}}