{"id":2835298,"date":"2025-10-14T01:52:51","date_gmt":"2025-10-13T23:52:51","guid":{"rendered":"https:\/\/streetmarkets.fr\/app\/produit\/bonnet-a-revers-loveh25-accessoires-sable\/"},"modified":"2026-02-27T00:54:06","modified_gmt":"2026-02-26T23:54:06","slug":"bonnet-a-revers-loveh25-accessoires-sable","status":"publish","type":"product","link":"https:\/\/streetmarkets.fr\/app\/produit\/bonnet-a-revers-loveh25-accessoires-sable\/","title":{"rendered":"Bonnet A Revers Love(H25 \/ ACCESSOIRES \/ Sable)"},"content":{"rendered":"<p>&#8211; Bonnet en cachemire c\u00f4tel\u00e9 2 fils certifi\u00e9 GCS\u00ae Femme<br \/>\n<br \/>&#8211; Revers brod\u00e9 love<\/p>\n","protected":false},"excerpt":{"rendered":"<p>&#8211; Bonnet en cachemire c\u00f4tel\u00e9 2 fils certifi\u00e9 GCS\u00ae Femme &#8211; Revers brod\u00e9 love<\/p>\n","protected":false},"featured_media":2835299,"comment_status":"open","ping_status":"closed","template":"","meta":[],"product_brand":[6868],"product_cat":[1756,1764],"product_tag":[2244],"acf":[],"_links":{"self":[{"href":"https:\/\/streetmarkets.fr\/app\/wp-json\/wp\/v2\/product\/2835298"}],"collection":[{"href":"https:\/\/streetmarkets.fr\/app\/wp-json\/wp\/v2\/product"}],"about":[{"href":"https:\/\/streetmarkets.fr\/app\/wp-json\/wp\/v2\/types\/product"}],"replies":[{"embeddable":true,"href":"https:\/\/streetmarkets.fr\/app\/wp-json\/wp\/v2\/comments?post=2835298"}],"wp:featuredmedia":[{"embeddable":true,"href":"https:\/\/streetmarkets.fr\/app\/wp-json\/wp\/v2\/media\/2835299"}],"wp:attachment":[{"href":"https:\/\/streetmarkets.fr\/app\/wp-json\/wp\/v2\/media?parent=2835298"}],"wp:term":[{"taxonomy":"product_brand","embeddable":true,"href":"https:\/\/streetmarkets.fr\/app\/wp-json\/wp\/v2\/product_brand?post=2835298"},{"taxonomy":"product_cat","embeddable":true,"href":"https:\/\/streetmarkets.fr\/app\/wp-json\/wp\/v2\/product_cat?post=2835298"},{"taxonomy":"product_tag","embeddable":true,"href":"https:\/\/streetmarkets.fr\/app\/wp-json\/wp\/v2\/product_tag?post=2835298"}],"curies":[{"name":"wp","href":"https:\/\/api.w.org\/{rel}","templated":true}]}}