{"id":2835286,"date":"2025-10-14T01:52:50","date_gmt":"2025-10-13T23:52:50","guid":{"rendered":"https:\/\/streetmarkets.fr\/app\/produit\/cagoule-regular-cachemire-brosse-leopard-h25-accessoires-leopard\/"},"modified":"2025-11-19T01:10:07","modified_gmt":"2025-11-19T00:10:07","slug":"cagoule-regular-cachemire-brosse-leopard-h25-accessoires-leopard","status":"publish","type":"product","link":"https:\/\/streetmarkets.fr\/app\/produit\/cagoule-regular-cachemire-brosse-leopard-h25-accessoires-leopard\/","title":{"rendered":"Cagoule Regular Cachemire Bross\u00e9 L\u00e9opard (H25 \/ ACCESSOIRES \/ Leopard)"},"content":{"rendered":"<p>&#8211; Cagoule \u00e0 capuche en cachemire bross\u00e9 4 fils certifi\u00e9 GCS\u00ae Femme<br \/>\n<br \/>&#8211; Motif l\u00e9opard<\/p>\n","protected":false},"excerpt":{"rendered":"<p>&#8211; Cagoule \u00e0 capuche en cachemire bross\u00e9 4 fils certifi\u00e9 GCS\u00ae Femme &#8211; Motif l\u00e9opard<\/p>\n","protected":false},"featured_media":2835287,"comment_status":"open","ping_status":"closed","template":"","meta":[],"product_brand":[6868],"product_cat":[1756,1764],"product_tag":[2244],"acf":[],"_links":{"self":[{"href":"https:\/\/streetmarkets.fr\/app\/wp-json\/wp\/v2\/product\/2835286"}],"collection":[{"href":"https:\/\/streetmarkets.fr\/app\/wp-json\/wp\/v2\/product"}],"about":[{"href":"https:\/\/streetmarkets.fr\/app\/wp-json\/wp\/v2\/types\/product"}],"replies":[{"embeddable":true,"href":"https:\/\/streetmarkets.fr\/app\/wp-json\/wp\/v2\/comments?post=2835286"}],"wp:featuredmedia":[{"embeddable":true,"href":"https:\/\/streetmarkets.fr\/app\/wp-json\/wp\/v2\/media\/2835287"}],"wp:attachment":[{"href":"https:\/\/streetmarkets.fr\/app\/wp-json\/wp\/v2\/media?parent=2835286"}],"wp:term":[{"taxonomy":"product_brand","embeddable":true,"href":"https:\/\/streetmarkets.fr\/app\/wp-json\/wp\/v2\/product_brand?post=2835286"},{"taxonomy":"product_cat","embeddable":true,"href":"https:\/\/streetmarkets.fr\/app\/wp-json\/wp\/v2\/product_cat?post=2835286"},{"taxonomy":"product_tag","embeddable":true,"href":"https:\/\/streetmarkets.fr\/app\/wp-json\/wp\/v2\/product_tag?post=2835286"}],"curies":[{"name":"wp","href":"https:\/\/api.w.org\/{rel}","templated":true}]}}