{"id":2828307,"date":"2025-10-12T08:42:08","date_gmt":"2025-10-12T06:42:08","guid":{"rendered":"https:\/\/streetmarkets.fr\/app\/produit\/bracelet-sig-14-noir-argent-noir-sigal\/"},"modified":"2026-04-14T08:39:07","modified_gmt":"2026-04-14T06:39:07","slug":"bracelet-sig-14-noir-argent-noir-sigal","status":"publish","type":"product","link":"https:\/\/streetmarkets.fr\/app\/produit\/bracelet-sig-14-noir-argent-noir-sigal\/","title":{"rendered":"Bracelet Sig 14 noir, argent, noir &#8211; Sigal"},"content":{"rendered":"<p><span>Le\u00a0<\/span><strong>bracelet SIG 14<\/strong><span> est l\u2019une des pi\u00e8ces signature de la marque Sigal<\/span><\/p>\n<p><span>Son allure structur\u00e9e, \u00e0 la fois brute et sophistiqu\u00e9e, en fait un accessoire unique qui s\u2019adapte \u00e0 chaque style, sans contrainte.<br \/><\/span><\/p>\n<ul>\n<li>M\u00e9lange de maillons dor\u00e9s, argent\u00e9s et bicolores EXTENSIBLES<\/li>\n<li>Acier argent\u00e9 et plaqu\u00e9 or 24 carats<\/li>\n<\/ul>\n","protected":false},"excerpt":{"rendered":"<p>Le\u00a0bracelet SIG 14 est l\u2019une des pi\u00e8ces signature de la marque Sigal Son allure structur\u00e9e, \u00e0 la fois brute et sophistiqu\u00e9e, en fait un accessoire unique qui s\u2019adapte \u00e0 chaque style, sans contrainte. M\u00e9lange de maillons dor\u00e9s, argent\u00e9s et bicolores EXTENSIBLES Acier argent\u00e9 et plaqu\u00e9 or 24 carats<\/p>\n","protected":false},"featured_media":2828308,"comment_status":"open","ping_status":"closed","template":"","meta":[],"product_brand":[],"product_cat":[1807,1756],"product_tag":[2244],"acf":[],"_links":{"self":[{"href":"https:\/\/streetmarkets.fr\/app\/wp-json\/wp\/v2\/product\/2828307"}],"collection":[{"href":"https:\/\/streetmarkets.fr\/app\/wp-json\/wp\/v2\/product"}],"about":[{"href":"https:\/\/streetmarkets.fr\/app\/wp-json\/wp\/v2\/types\/product"}],"replies":[{"embeddable":true,"href":"https:\/\/streetmarkets.fr\/app\/wp-json\/wp\/v2\/comments?post=2828307"}],"wp:featuredmedia":[{"embeddable":true,"href":"https:\/\/streetmarkets.fr\/app\/wp-json\/wp\/v2\/media\/2828308"}],"wp:attachment":[{"href":"https:\/\/streetmarkets.fr\/app\/wp-json\/wp\/v2\/media?parent=2828307"}],"wp:term":[{"taxonomy":"product_brand","embeddable":true,"href":"https:\/\/streetmarkets.fr\/app\/wp-json\/wp\/v2\/product_brand?post=2828307"},{"taxonomy":"product_cat","embeddable":true,"href":"https:\/\/streetmarkets.fr\/app\/wp-json\/wp\/v2\/product_cat?post=2828307"},{"taxonomy":"product_tag","embeddable":true,"href":"https:\/\/streetmarkets.fr\/app\/wp-json\/wp\/v2\/product_tag?post=2828307"}],"curies":[{"name":"wp","href":"https:\/\/api.w.org\/{rel}","templated":true}]}}