{"id":2822774,"date":"2025-10-12T01:14:31","date_gmt":"2025-10-11T23:14:31","guid":{"rendered":"https:\/\/streetmarkets.fr\/app\/produit\/cabas-samba-amor-rust-2\/"},"modified":"2025-11-24T00:15:16","modified_gmt":"2025-11-23T23:15:16","slug":"cabas-samba-amor-rust-2","status":"publish","type":"product","link":"https:\/\/streetmarkets.fr\/app\/produit\/cabas-samba-amor-rust-2\/","title":{"rendered":"Cabas Samba Amor &#8211; Rust"},"content":{"rendered":"<p>Grand, doux au toucher et ultra pratique, ce cabas en coton matelass\u00e9 a tout pour simplifier la vie. On aime son volume confortable pour tout emporter sans s\u2019encombrer, ses poches bien pens\u00e9es pour garder l\u2019essentiel \u00e0 port\u00e9e de main et son mousqueton malin pour ne plus chercher ses cl\u00e9s au fond du sac. Les anses r\u00e9glables s\u2019ajustent \u00e0 votre taille pour un port\u00e9 \u00e9paule vraiment confortable.<br \/>\nLa mati\u00e8re 100% coton apporte ce rendu textile chaleureux et naturel, facile \u00e0 vivre et agr\u00e9able au quotidien. Le coloris Rust, profond et chaleureux, se marie avec toutes les tenues. Fait main, il combine style, douceur et fonctionnalit\u00e9 pour les femmes et parents actifs qui veulent un sac de ville polyvalent, solide et beau.<\/p>\n","protected":false},"excerpt":{"rendered":"<p>Grand, doux au toucher et ultra pratique, ce cabas en coton matelass\u00e9 a tout pour simplifier la vie. On aime son volume confortable pour tout emporter sans s\u2019encombrer, ses poches bien pens\u00e9es pour garder l\u2019essentiel \u00e0 port\u00e9e de main et son mousqueton malin pour ne plus chercher ses cl\u00e9s au fond du sac. Les anses [&hellip;]<\/p>\n","protected":false},"featured_media":2822775,"comment_status":"open","ping_status":"closed","template":"","meta":[],"product_brand":[],"product_cat":[1756,1764],"product_tag":[1810],"acf":[],"_links":{"self":[{"href":"https:\/\/streetmarkets.fr\/app\/wp-json\/wp\/v2\/product\/2822774"}],"collection":[{"href":"https:\/\/streetmarkets.fr\/app\/wp-json\/wp\/v2\/product"}],"about":[{"href":"https:\/\/streetmarkets.fr\/app\/wp-json\/wp\/v2\/types\/product"}],"replies":[{"embeddable":true,"href":"https:\/\/streetmarkets.fr\/app\/wp-json\/wp\/v2\/comments?post=2822774"}],"wp:featuredmedia":[{"embeddable":true,"href":"https:\/\/streetmarkets.fr\/app\/wp-json\/wp\/v2\/media\/2822775"}],"wp:attachment":[{"href":"https:\/\/streetmarkets.fr\/app\/wp-json\/wp\/v2\/media?parent=2822774"}],"wp:term":[{"taxonomy":"product_brand","embeddable":true,"href":"https:\/\/streetmarkets.fr\/app\/wp-json\/wp\/v2\/product_brand?post=2822774"},{"taxonomy":"product_cat","embeddable":true,"href":"https:\/\/streetmarkets.fr\/app\/wp-json\/wp\/v2\/product_cat?post=2822774"},{"taxonomy":"product_tag","embeddable":true,"href":"https:\/\/streetmarkets.fr\/app\/wp-json\/wp\/v2\/product_tag?post=2822774"}],"curies":[{"name":"wp","href":"https:\/\/api.w.org\/{rel}","templated":true}]}}