{"id":2817353,"date":"2025-10-11T02:08:26","date_gmt":"2025-10-11T00:08:26","guid":{"rendered":"https:\/\/streetmarkets.fr\/app\/produit\/nouveau-masscob-pantalon-nayan-camomille\/"},"modified":"2026-05-09T01:59:42","modified_gmt":"2026-05-08T23:59:42","slug":"nouveau-masscob-pantalon-nayan-camomille","status":"publish","type":"product","link":"https:\/\/streetmarkets.fr\/app\/produit\/nouveau-masscob-pantalon-nayan-camomille\/","title":{"rendered":"MASSCOB Pantalon Nayan Camomille -40%"},"content":{"rendered":"<p data-rte-preserve-empty=\"true\">Pantalon \u00e0 pinces en velours souple, taille semi haute et coupe flare, ouverture classique zip, deux poches lat\u00e9rales. Sur la photo le pantalon est port\u00e9 avec la chemise Serra Camomille. <\/p>\n<p data-rte-preserve-empty=\"true\">D\u00e9tail : 51% viscose, 48% coton, 1% \u00e9lasthanne <\/p>\n","protected":false},"excerpt":{"rendered":"<p>Pantalon \u00e0 pinces en velours souple, taille semi haute et coupe flare, ouverture classique zip, deux poches lat\u00e9rales. Sur la photo le pantalon est port\u00e9 avec la chemise Serra Camomille. D\u00e9tail : 51% viscose, 48% coton, 1% \u00e9lasthanne<\/p>\n","protected":false},"featured_media":2817354,"comment_status":"open","ping_status":"closed","template":"","meta":[],"product_brand":[],"product_cat":[1756,1762],"product_tag":[2244],"acf":[],"_links":{"self":[{"href":"https:\/\/streetmarkets.fr\/app\/wp-json\/wp\/v2\/product\/2817353"}],"collection":[{"href":"https:\/\/streetmarkets.fr\/app\/wp-json\/wp\/v2\/product"}],"about":[{"href":"https:\/\/streetmarkets.fr\/app\/wp-json\/wp\/v2\/types\/product"}],"replies":[{"embeddable":true,"href":"https:\/\/streetmarkets.fr\/app\/wp-json\/wp\/v2\/comments?post=2817353"}],"wp:featuredmedia":[{"embeddable":true,"href":"https:\/\/streetmarkets.fr\/app\/wp-json\/wp\/v2\/media\/2817354"}],"wp:attachment":[{"href":"https:\/\/streetmarkets.fr\/app\/wp-json\/wp\/v2\/media?parent=2817353"}],"wp:term":[{"taxonomy":"product_brand","embeddable":true,"href":"https:\/\/streetmarkets.fr\/app\/wp-json\/wp\/v2\/product_brand?post=2817353"},{"taxonomy":"product_cat","embeddable":true,"href":"https:\/\/streetmarkets.fr\/app\/wp-json\/wp\/v2\/product_cat?post=2817353"},{"taxonomy":"product_tag","embeddable":true,"href":"https:\/\/streetmarkets.fr\/app\/wp-json\/wp\/v2\/product_tag?post=2817353"}],"curies":[{"name":"wp","href":"https:\/\/api.w.org\/{rel}","templated":true}]}}