{"id":2816826,"date":"2025-10-11T01:26:07","date_gmt":"2025-10-10T23:26:07","guid":{"rendered":"https:\/\/streetmarkets.fr\/app\/produit\/petite-enveloppe-ravi-cactus\/"},"modified":"2026-05-02T01:17:55","modified_gmt":"2026-05-01T23:17:55","slug":"petite-enveloppe-ravi-cactus","status":"publish","type":"product","link":"https:\/\/streetmarkets.fr\/app\/produit\/petite-enveloppe-ravi-cactus\/","title":{"rendered":"Petite Enveloppe Ravi Cactus"},"content":{"rendered":"<p data-mce-fragment=\"1\"><span style=\"text-decoration: underline\"><strong><a href=\"https:\/\/frenchtouche.com\/collections\/apaches-collections\" title=\"Apaches Collections\">Collection Apaches<\/a><\/strong><\/span><\/p>\n<p data-mce-fragment=\"1\"><span data-mce-fragment=\"1\">Petite pochette en coton en forme d&#8217;enveloppe, parfaite pour y ranger \u00e9couteurs, petits bijoux ou papiers d&#8217;identit\u00e9. Ultra pratique,\u00a0cette petite enveloppe Ravi est facile \u00e0 glisser dans son sac \u00e0 main !<\/span><\/p>\n<p data-mce-fragment=\"1\"><em data-mce-fragment=\"1\">La petite enveloppe Ravi est confectionn\u00e9e dans un tissu Khadi indien, 100% coton. C&#8217;est un tissu traditionnel tiss\u00e9 et fil\u00e9 \u00e0 la main dans le respect de l&#8217;environnement. Le Khadi est une mati\u00e8re unique de par son tissage artisanal et peut parfois pr\u00e9senter de petites imperfections qui font tout le charme et l&#8217;authenticit\u00e9 du Khadi.<\/em><\/p>\n<ul>\n<li>100% coton<\/li>\n<li>Environ 10 x 14 cm<\/li>\n<li>Tissu exclusif<\/li>\n<li>Confectionn\u00e9e en Inde<\/li>\n<li>Lavable en machine \u00e0 30\u00b0 cycle d\u00e9licat, pas d\u2019essorage, pas de s\u00e8che-linge<\/li>\n<li>Le block-print indien consiste \u00e0 imprimer \u00e0 la main, gr\u00e2ce \u00e0 des tampons taill\u00e9s dans le bois, des motifs aux couleurs r\u00e9alis\u00e9es \u00e0 partir d&#8217;un m\u00e9lange de pigments naturels. Respectueux de l&#8217;environnement, ce tissu ne contient aucun produit chimique car les couleurs sont fix\u00e9es gr\u00e2ce \u00e0 un m\u00e9lange d&#8217;eau et de vinaigre blanc<\/li>\n<\/ul>\n","protected":false},"excerpt":{"rendered":"<p>Collection Apaches Petite pochette en coton en forme d&#8217;enveloppe, parfaite pour y ranger \u00e9couteurs, petits bijoux ou papiers d&#8217;identit\u00e9. Ultra pratique,\u00a0cette petite enveloppe Ravi est facile \u00e0 glisser dans son sac \u00e0 main ! La petite enveloppe Ravi est confectionn\u00e9e dans un tissu Khadi indien, 100% coton. C&#8217;est un tissu traditionnel tiss\u00e9 et fil\u00e9 \u00e0 [&hellip;]<\/p>\n","protected":false},"featured_media":2816827,"comment_status":"open","ping_status":"closed","template":"","meta":[],"product_brand":[],"product_cat":[1756,1764],"product_tag":[2244,1813],"acf":[],"_links":{"self":[{"href":"https:\/\/streetmarkets.fr\/app\/wp-json\/wp\/v2\/product\/2816826"}],"collection":[{"href":"https:\/\/streetmarkets.fr\/app\/wp-json\/wp\/v2\/product"}],"about":[{"href":"https:\/\/streetmarkets.fr\/app\/wp-json\/wp\/v2\/types\/product"}],"replies":[{"embeddable":true,"href":"https:\/\/streetmarkets.fr\/app\/wp-json\/wp\/v2\/comments?post=2816826"}],"wp:featuredmedia":[{"embeddable":true,"href":"https:\/\/streetmarkets.fr\/app\/wp-json\/wp\/v2\/media\/2816827"}],"wp:attachment":[{"href":"https:\/\/streetmarkets.fr\/app\/wp-json\/wp\/v2\/media?parent=2816826"}],"wp:term":[{"taxonomy":"product_brand","embeddable":true,"href":"https:\/\/streetmarkets.fr\/app\/wp-json\/wp\/v2\/product_brand?post=2816826"},{"taxonomy":"product_cat","embeddable":true,"href":"https:\/\/streetmarkets.fr\/app\/wp-json\/wp\/v2\/product_cat?post=2816826"},{"taxonomy":"product_tag","embeddable":true,"href":"https:\/\/streetmarkets.fr\/app\/wp-json\/wp\/v2\/product_tag?post=2816826"}],"curies":[{"name":"wp","href":"https:\/\/api.w.org\/{rel}","templated":true}]}}