{"id":2816514,"date":"2025-10-11T01:17:44","date_gmt":"2025-10-10T23:17:44","guid":{"rendered":"https:\/\/streetmarkets.fr\/app\/produit\/chaussettes-bibliotheque\/"},"modified":"2026-04-11T01:14:52","modified_gmt":"2026-04-10T23:14:52","slug":"chaussettes-bibliotheque","status":"publish","type":"product","link":"https:\/\/streetmarkets.fr\/app\/produit\/chaussettes-bibliotheque\/","title":{"rendered":"Chaussettes Biblioth\u00e8que"},"content":{"rendered":"<p><a href=\"https:\/\/frenchtouche.com\/collections\/banana-socks\" title=\"Collection Banana Socks\"><span><strong>Collection Banana Socks<\/strong><\/span><\/a><\/p>\n<p><span>Une collection de chaussettes hautes aux couleurs juteuses et aux motifs amusants qui sont faites pour s&#8217;adapter parfaitement \u00e0 vos pieds et \u00e9gayer votre journ\u00e9e !<\/span><\/p>\n<div class=\"product-description rte\">\n<ul>\n<li>\n <em>80% coton peign\u00e9 de qualit\u00e9 sup\u00e9rieure \/ 18% polyamide qui ajoute de la durabilit\u00e9 \/ 2% \u00e9lasthanne pour un meilleur ajustement du pied<\/em>\n<\/li>\n<li style=\"font-style: italic\"><em> Mixtes &#8211; Deux tailles (du 36 au 41 et du 42 au 46)<\/em><\/li>\n<li style=\"font-style: italic\"><em> Hauteur des chaussettes : mi-mollet<\/em><\/li>\n<li style=\"font-style: italic\"><em>Poignets larges et confortables pour un ajustement s\u00fbr<\/em><\/li>\n<li style=\"font-style: italic\"><em>Talons et pointes renforc\u00e9s<\/em><\/li>\n<li style=\"font-style: italic\"><em>Chaussettes pratiquement sans coutures &#8211; coutures plates pour un confort optimal<\/em><\/li>\n<li style=\"font-style: italic\"><em>Conseil d\u2019entretien : laver \u00e0 l\u2019envers \u00e0 30\u00b0<\/em><\/li>\n<li style=\"font-style: italic\"><em> Fi\u00e8rement fabriqu\u00e9es en Pologne<\/em><\/li>\n<\/ul>\n<\/div>\n","protected":false},"excerpt":{"rendered":"<p>Collection Banana Socks Une collection de chaussettes hautes aux couleurs juteuses et aux motifs amusants qui sont faites pour s&#8217;adapter parfaitement \u00e0 vos pieds et \u00e9gayer votre journ\u00e9e ! 80% coton peign\u00e9 de qualit\u00e9 sup\u00e9rieure \/ 18% polyamide qui ajoute de la durabilit\u00e9 \/ 2% \u00e9lasthanne pour un meilleur ajustement du pied Mixtes &#8211; Deux [&hellip;]<\/p>\n","protected":false},"featured_media":2816515,"comment_status":"open","ping_status":"closed","template":"","meta":[],"product_brand":[],"product_cat":[1756,1764,1760],"product_tag":[2244,1811],"acf":[],"_links":{"self":[{"href":"https:\/\/streetmarkets.fr\/app\/wp-json\/wp\/v2\/product\/2816514"}],"collection":[{"href":"https:\/\/streetmarkets.fr\/app\/wp-json\/wp\/v2\/product"}],"about":[{"href":"https:\/\/streetmarkets.fr\/app\/wp-json\/wp\/v2\/types\/product"}],"replies":[{"embeddable":true,"href":"https:\/\/streetmarkets.fr\/app\/wp-json\/wp\/v2\/comments?post=2816514"}],"wp:featuredmedia":[{"embeddable":true,"href":"https:\/\/streetmarkets.fr\/app\/wp-json\/wp\/v2\/media\/2816515"}],"wp:attachment":[{"href":"https:\/\/streetmarkets.fr\/app\/wp-json\/wp\/v2\/media?parent=2816514"}],"wp:term":[{"taxonomy":"product_brand","embeddable":true,"href":"https:\/\/streetmarkets.fr\/app\/wp-json\/wp\/v2\/product_brand?post=2816514"},{"taxonomy":"product_cat","embeddable":true,"href":"https:\/\/streetmarkets.fr\/app\/wp-json\/wp\/v2\/product_cat?post=2816514"},{"taxonomy":"product_tag","embeddable":true,"href":"https:\/\/streetmarkets.fr\/app\/wp-json\/wp\/v2\/product_tag?post=2816514"}],"curies":[{"name":"wp","href":"https:\/\/api.w.org\/{rel}","templated":true}]}}