{"id":2809737,"date":"2025-10-09T06:53:03","date_gmt":"2025-10-09T04:53:03","guid":{"rendered":"https:\/\/streetmarkets.fr\/app\/produit\/regular-morris-herringbone-wool-blend-db-blazer\/"},"modified":"2026-03-16T05:49:57","modified_gmt":"2026-03-16T04:49:57","slug":"regular-morris-herringbone-wool-blend-db-blazer","status":"publish","type":"product","link":"https:\/\/streetmarkets.fr\/app\/produit\/regular-morris-herringbone-wool-blend-db-blazer\/","title":{"rendered":"Regular Morris Herringbone Wool Blend DB Blazer"},"content":{"rendered":"<p data-end=\"688\" data-start=\"222\">Le <strong data-end=\"289\" data-start=\"225\">Regular Morris Herringbone Wool Blend Double-Breasted Blazer<\/strong> de Selected revisite le blazer crois\u00e9 dans une version moderne et textur\u00e9e. Confectionn\u00e9 dans un <strong data-end=\"419\" data-start=\"387\">twill tiss\u00e9 \u00e0 motif chevrons<\/strong>, il offre une structure \u00e9l\u00e9gante et un relief subtil qui apportent instantan\u00e9ment du caract\u00e8re \u00e0 la silhouette.<\/p>\n<p data-end=\"688\" data-start=\"222\">Sa\u00a0<strong data-end=\"552\" data-start=\"535\">coupe regular<\/strong> assure un tomb\u00e9 impeccable, suffisamment structur\u00e9 pour souligner la ligne des \u00e9paules tout en offrant un confort naturel au quotidien.\u00a0Dot\u00e9 d\u2019un <strong data-end=\"720\" data-start=\"700\">revers en pointe<\/strong> (peak lapel), caract\u00e9ristique des blazers formels, ce mod\u00e8le impose une allure raffin\u00e9e, parfaite pour les \u00e9v\u00e9nements habill\u00e9s ou le bureau. Sa <strong data-end=\"896\" data-start=\"865\">fermeture crois\u00e9e \u00e0 boutons<\/strong> renforce son \u00e9l\u00e9gance tandis que ses <strong data-end=\"960\" data-start=\"934\">poches avant discr\u00e8tes<\/strong> en compl\u00e8tent la fonctionnalit\u00e9.<\/p>\n<p data-end=\"1381\" data-start=\"1228\">Associ\u00e9 \u00e0 un pantalon en laine, un jean brut ou un chino beige, ce blazer devient une pi\u00e8ce phare du vestiaire Harold : chic, polyvalent et intemporel.<\/p>\n<p data-end=\"1402\" data-start=\"1383\"><strong data-end=\"1400\" data-start=\"1383\">Points cl\u00e9s :<\/strong><\/p>\n<ul data-end=\"1705\" data-start=\"1403\">\n<li data-end=\"1453\" data-start=\"1403\">\n<p data-end=\"1453\" data-start=\"1405\">Blazer crois\u00e9 (double-breasted), coupe regular<\/p>\n<\/li>\n<li data-end=\"1499\" data-start=\"1454\">\n<p data-end=\"1499\" data-start=\"1456\">Revers en pointe pour une allure \u00e9l\u00e9gante<\/p>\n<\/li>\n<li data-end=\"1533\" data-start=\"1500\">\n<p data-end=\"1533\" data-start=\"1502\">Tissu chevrons en twill tiss\u00e9<\/p>\n<\/li>\n<li data-end=\"1654\" data-start=\"1617\">\n<p data-end=\"1654\" data-start=\"1619\">Poches avant, fermeture \u00e0 boutons<\/p>\n<\/li>\n<\/ul>\n","protected":false},"excerpt":{"rendered":"<p>Le Regular Morris Herringbone Wool Blend Double-Breasted Blazer de Selected revisite le blazer crois\u00e9 dans une version moderne et textur\u00e9e. Confectionn\u00e9 dans un twill tiss\u00e9 \u00e0 motif chevrons, il offre une structure \u00e9l\u00e9gante et un relief subtil qui apportent instantan\u00e9ment du caract\u00e8re \u00e0 la silhouette. Sa\u00a0coupe regular assure un tomb\u00e9 impeccable, suffisamment structur\u00e9 pour souligner [&hellip;]<\/p>\n","protected":false},"featured_media":2809738,"comment_status":"open","ping_status":"closed","template":"","meta":[],"product_brand":[],"product_cat":[1756,1758],"product_tag":[2244],"acf":[],"_links":{"self":[{"href":"https:\/\/streetmarkets.fr\/app\/wp-json\/wp\/v2\/product\/2809737"}],"collection":[{"href":"https:\/\/streetmarkets.fr\/app\/wp-json\/wp\/v2\/product"}],"about":[{"href":"https:\/\/streetmarkets.fr\/app\/wp-json\/wp\/v2\/types\/product"}],"replies":[{"embeddable":true,"href":"https:\/\/streetmarkets.fr\/app\/wp-json\/wp\/v2\/comments?post=2809737"}],"wp:featuredmedia":[{"embeddable":true,"href":"https:\/\/streetmarkets.fr\/app\/wp-json\/wp\/v2\/media\/2809738"}],"wp:attachment":[{"href":"https:\/\/streetmarkets.fr\/app\/wp-json\/wp\/v2\/media?parent=2809737"}],"wp:term":[{"taxonomy":"product_brand","embeddable":true,"href":"https:\/\/streetmarkets.fr\/app\/wp-json\/wp\/v2\/product_brand?post=2809737"},{"taxonomy":"product_cat","embeddable":true,"href":"https:\/\/streetmarkets.fr\/app\/wp-json\/wp\/v2\/product_cat?post=2809737"},{"taxonomy":"product_tag","embeddable":true,"href":"https:\/\/streetmarkets.fr\/app\/wp-json\/wp\/v2\/product_tag?post=2809737"}],"curies":[{"name":"wp","href":"https:\/\/api.w.org\/{rel}","templated":true}]}}