{"id":2809684,"date":"2025-10-09T06:52:58","date_gmt":"2025-10-09T04:52:58","guid":{"rendered":"https:\/\/streetmarkets.fr\/app\/produit\/hooded-jacket-7311\/"},"modified":"2026-03-16T05:49:57","modified_gmt":"2026-03-16T04:49:57","slug":"hooded-jacket-7311","status":"publish","type":"product","link":"https:\/\/streetmarkets.fr\/app\/produit\/hooded-jacket-7311\/","title":{"rendered":"Hooded Jacket 7311"},"content":{"rendered":"<p><span data-sheets-userformat='{\"2\":897,\"3\":{\"1\":0},\"10\":1,\"11\":4,\"12\":0}' data-sheets-value=\"{&quot;1&quot;:2,&quot;2&quot;:&quot;D\u00e9couvrez la \\&quot;Hooded Jacket 7311\\&quot; de REVOLUTION, disponible dans une gamme de couleurs incluant vert arm\u00e9e, noir, marron et bleu marine. Cette veste \u00e0 capuche est fabriqu\u00e9e \u00e0 partir d'un m\u00e9lange de polyester recycl\u00e9 et de coton, offrant \u00e0 la fois durabilit\u00e9 et confort.\\n\\nSa doublure en thinsulate vous assure une chaleur optimale lors des journ\u00e9es plus froides. Ses finitions argent\u00e9es ajoutent une touche d'\u00e9l\u00e9gance au design.\\nSa coupe r\u00e9guli\u00e8re est confortable et polyvalente. Son rev\u00eatement Teflon EcoElite repousse l'eau de mani\u00e8re \u00e9cologique, sans produits chimiques nocifs.\\n\\nCette veste courte est dot\u00e9e de poignets c\u00f4tel\u00e9s, d'une capuche ajustable avec un cordon de serrage en coton blanc cass\u00e9 et de poches passepoil\u00e9es. Les poches sont doubl\u00e9es de molleton chaud pour un confort suppl\u00e9mentaire. L'int\u00e9rieur de la capuche est doubl\u00e9 d'un tissu bleu doux, ajoutant une touche de style. La veste est \u00e9galement dot\u00e9e d'un rembourrage Thinsulate recycl\u00e9, offrant une chaleur exceptionnelle tout en \u00e9tant respectueuse de l'environnement.\\n\\nPolyvalente et r\u00e9sistante au vent, la \\&quot;Hooded Jacket 7311\\&quot; de REVOLUTION est un choix id\u00e9al pour affronter la m\u00e9t\u00e9o capricieuse avec style et durabilit\u00e9.&quot;}\" data-sheets-root=\"1\">D\u00e9couvrez la &#8220;<strong>Hooded Jacket 7311<\/strong>&#8221; de <strong>Revolution<\/strong>, disponible dans une jolie gamme de couleurs. Cette\u00a0<strong>veste \u00e0 capuche<\/strong> est fabriqu\u00e9e \u00e0 partir d&#8217;un m\u00e9lange de <strong>polyester recycl\u00e9 et de coton<\/strong>, offrant \u00e0 la fois durabilit\u00e9 et confort.<\/p>\n<p>Sa <strong>doublure en thinsulate<\/strong> vous assure une chaleur optimale lors des journ\u00e9es plus froides. Ses finitions argent\u00e9es ajoutent une touche d&#8217;\u00e9l\u00e9gance au design. Sa <strong>coupe r\u00e9guli\u00e8re <\/strong>est confortable et polyvalente. Son<strong> rev\u00eatement Teflon EcoElite<\/strong> repousse l&#8217;eau de mani\u00e8re \u00e9cologique, sans produits chimiques nocifs.<\/p>\n<p>Cette veste courte est dot\u00e9e de poignets c\u00f4tel\u00e9s, d&#8217;une <strong>capuche ajustable<\/strong> avec un cordon de serrage en coton blanc cass\u00e9 et de poches passepoil\u00e9es. Les poches sont doubl\u00e9es de molleton chaud pour un confort suppl\u00e9mentaire. L&#8217;int\u00e9rieur de la capuche est doubl\u00e9 d&#8217;un tissu doux, ajoutant une touche de style.\u00a0<\/p>\n<p>Polyvalente et r\u00e9sistante au vent, la &#8220;<strong>Hooded Jacket 7311<\/strong>&#8221; de <strong>Revolution <\/strong>est disponible chez <strong>Harold <\/strong>\u00e0 Paris. C&#8217;est un choix id\u00e9al pour affronter la m\u00e9t\u00e9o capricieuse avec style et durabilit\u00e9.<\/span><\/p>\n","protected":false},"excerpt":{"rendered":"<p>D\u00e9couvrez la &#8220;Hooded Jacket 7311&#8221; de Revolution, disponible dans une jolie gamme de couleurs. Cette\u00a0veste \u00e0 capuche est fabriqu\u00e9e \u00e0 partir d&#8217;un m\u00e9lange de polyester recycl\u00e9 et de coton, offrant \u00e0 la fois durabilit\u00e9 et confort. Sa doublure en thinsulate vous assure une chaleur optimale lors des journ\u00e9es plus froides. Ses finitions argent\u00e9es ajoutent une [&hellip;]<\/p>\n","protected":false},"featured_media":2809685,"comment_status":"open","ping_status":"closed","template":"","meta":[],"product_brand":[],"product_cat":[1756,1758],"product_tag":[2244],"acf":[],"_links":{"self":[{"href":"https:\/\/streetmarkets.fr\/app\/wp-json\/wp\/v2\/product\/2809684"}],"collection":[{"href":"https:\/\/streetmarkets.fr\/app\/wp-json\/wp\/v2\/product"}],"about":[{"href":"https:\/\/streetmarkets.fr\/app\/wp-json\/wp\/v2\/types\/product"}],"replies":[{"embeddable":true,"href":"https:\/\/streetmarkets.fr\/app\/wp-json\/wp\/v2\/comments?post=2809684"}],"wp:featuredmedia":[{"embeddable":true,"href":"https:\/\/streetmarkets.fr\/app\/wp-json\/wp\/v2\/media\/2809685"}],"wp:attachment":[{"href":"https:\/\/streetmarkets.fr\/app\/wp-json\/wp\/v2\/media?parent=2809684"}],"wp:term":[{"taxonomy":"product_brand","embeddable":true,"href":"https:\/\/streetmarkets.fr\/app\/wp-json\/wp\/v2\/product_brand?post=2809684"},{"taxonomy":"product_cat","embeddable":true,"href":"https:\/\/streetmarkets.fr\/app\/wp-json\/wp\/v2\/product_cat?post=2809684"},{"taxonomy":"product_tag","embeddable":true,"href":"https:\/\/streetmarkets.fr\/app\/wp-json\/wp\/v2\/product_tag?post=2809684"}],"curies":[{"name":"wp","href":"https:\/\/api.w.org\/{rel}","templated":true}]}}